{"id":22,"date":"2025-12-07T11:45:28","date_gmt":"2025-12-07T10:45:28","guid":{"rendered":"https:\/\/happybite-berlin.de\/?page_id=22"},"modified":"2026-02-11T16:28:27","modified_gmt":"2026-02-11T15:28:27","slug":"karriere","status":"publish","type":"page","link":"https:\/\/happybite-berlin.de\/en\/karriere\/","title":{"rendered":"Career"},"content":{"rendered":"<div data-elementor-type=\"wp-page\" data-elementor-id=\"22\" class=\"elementor elementor-22\" data-elementor-post-type=\"page\">\n\t\t\t\t<div class=\"elementor-element elementor-element-d85950f e-flex e-con-boxed e-con e-parent\" data-id=\"d85950f\" data-element_type=\"container\" data-e-type=\"container\" data-settings=\"{&quot;background_background&quot;:&quot;classic&quot;}\">\n\t\t\t\t\t<div class=\"e-con-inner\">\n\t\t<div class=\"elementor-element elementor-element-82bfddc e-con-full e-flex e-con e-child\" data-id=\"82bfddc\" data-element_type=\"container\" data-e-type=\"container\">\n\t\t\t\t<div class=\"elementor-element elementor-element-6c98340 elementor-widget elementor-widget-heading\" data-id=\"6c98340\" data-element_type=\"widget\" data-e-type=\"widget\" data-widget_type=\"heading.default\">\n\t\t\t\t\t<h1 class=\"elementor-heading-title elementor-size-default\">Become a part of happybite!<\/h1>\t\t\t\t<\/div>\n\t\t\t\t<\/div>\n\t\t<div class=\"elementor-element elementor-element-f0c4837 e-con-full e-flex e-con e-child\" data-id=\"f0c4837\" data-element_type=\"container\" data-e-type=\"container\">\n\t\t\t\t<div class=\"elementor-element elementor-element-2329e0d elementor-widget elementor-widget-text-editor\" data-id=\"2329e0d\" data-element_type=\"widget\" data-e-type=\"widget\" data-widget_type=\"text-editor.default\">\n\t\t\t\t\t\t\t\t\t<p>Would you like to work at happybite?<br \/>Apply today and become a part of our team!<\/p><p>Whether you are an apprentice, trainee or career changer:<br \/>We look forward to receiving your application documents via e-mail: <a href=\"mailto:bewerbung@happybite-berlin.de?subject=Bewerbung\" target=\"_blank\" rel=\"noopener\">bewerbung@happybite-berlin.de<\/a><\/p>\t\t\t\t\t\t\t\t<\/div>\n\t\t\t\t<\/div>\n\t\t\t\t\t<\/div>\n\t\t\t\t<\/div>\n\t\t\t\t<\/div>","protected":false},"excerpt":{"rendered":"<p>Werden Sie Teil von happybite! Sie w\u00fcrden gerne bei happybite arbeiten?Bewerben Sie sich noch heute und werden Sie Teil unseres [&hellip;]<\/p>\n","protected":false},"author":1,"featured_media":0,"parent":0,"menu_order":0,"comment_status":"closed","ping_status":"closed","template":"elementor_header_footer","meta":{"site-sidebar-layout":"no-sidebar","site-content-layout":"","ast-site-content-layout":"full-width-container","site-content-style":"default","site-sidebar-style":"default","ast-global-header-display":"","ast-banner-title-visibility":"","ast-main-header-display":"","ast-hfb-above-header-display":"","ast-hfb-below-header-display":"","ast-hfb-mobile-header-display":"","site-post-title":"","ast-breadcrumbs-content":"","ast-featured-img":"disabled","footer-sml-layout":"","ast-disable-related-posts":"","theme-transparent-header-meta":"","adv-header-id-meta":"","stick-header-meta":"","header-above-stick-meta":"","header-main-stick-meta":"","header-below-stick-meta":"","astra-migrate-meta-layouts":"default","ast-page-background-enabled":"default","ast-page-background-meta":{"desktop":{"background-color":"var(--ast-global-color-5)","background-image":"","background-repeat":"repeat","background-position":"center center","background-size":"auto","background-attachment":"scroll","background-type":"","background-media":"","overlay-type":"","overlay-color":"","overlay-opacity":"","overlay-gradient":""},"tablet":{"background-color":"","background-image":"","background-repeat":"repeat","background-position":"center center","background-size":"auto","background-attachment":"scroll","background-type":"","background-media":"","overlay-type":"","overlay-color":"","overlay-opacity":"","overlay-gradient":""},"mobile":{"background-color":"","background-image":"","background-repeat":"repeat","background-position":"center center","background-size":"auto","background-attachment":"scroll","background-type":"","background-media":"","overlay-type":"","overlay-color":"","overlay-opacity":"","overlay-gradient":""}},"ast-content-background-meta":{"desktop":{"background-color":"var(--ast-global-color-4)","background-image":"","background-repeat":"repeat","background-position":"center center","background-size":"auto","background-attachment":"scroll","background-type":"","background-media":"","overlay-type":"","overlay-color":"","overlay-opacity":"","overlay-gradient":""},"tablet":{"background-color":"var(--ast-global-color-4)","background-image":"","background-repeat":"repeat","background-position":"center center","background-size":"auto","background-attachment":"scroll","background-type":"","background-media":"","overlay-type":"","overlay-color":"","overlay-opacity":"","overlay-gradient":""},"mobile":{"background-color":"var(--ast-global-color-4)","background-image":"","background-repeat":"repeat","background-position":"center center","background-size":"auto","background-attachment":"scroll","background-type":"","background-media":"","overlay-type":"","overlay-color":"","overlay-opacity":"","overlay-gradient":""}},"footnotes":""},"class_list":["post-22","page","type-page","status-publish","hentry"],"yoast_head":"<!-- This site is optimized with the Yoast SEO plugin v27.5 - https:\/\/yoast.com\/product\/yoast-seo-wordpress\/ -->\n<title>Jobs in unserer Zahnarztpraxis in Berlin-Moabit | happybite<\/title>\n<meta name=\"description\" content=\"Karriere bei happybite in Berlin-Moabit: wertsch\u00e4tzendes Team, strukturierte Abl\u00e4ufe und Entwicklungsm\u00f6glichkeiten in moderner Praxis. Jetzt bewerben.\" \/>\n<meta name=\"robots\" content=\"noindex, follow\" \/>\n<meta property=\"og:locale\" content=\"en_GB\" \/>\n<meta property=\"og:type\" content=\"article\" \/>\n<meta property=\"og:title\" content=\"Jobs in unserer Zahnarztpraxis in Berlin-Moabit | happybite\" \/>\n<meta property=\"og:description\" content=\"Karriere bei happybite in Berlin-Moabit: wertsch\u00e4tzendes Team, strukturierte Abl\u00e4ufe und Entwicklungsm\u00f6glichkeiten in moderner Praxis. Jetzt bewerben.\" \/>\n<meta property=\"og:url\" content=\"https:\/\/happybite-berlin.de\/en\/karriere\/\" \/>\n<meta property=\"og:site_name\" content=\"happybite Berlin\" \/>\n<meta property=\"article:modified_time\" content=\"2026-02-11T15:28:27+00:00\" \/>\n<meta name=\"twitter:card\" content=\"summary_large_image\" \/>\n<meta name=\"twitter:label1\" content=\"Estimated reading time\" \/>\n\t<meta name=\"twitter:data1\" content=\"1 minute\" \/>\n<script type=\"application\/ld+json\" class=\"yoast-schema-graph\">{\"@context\":\"https:\\\/\\\/schema.org\",\"@graph\":[{\"@type\":\"WebPage\",\"@id\":\"https:\\\/\\\/happybite-berlin.de\\\/karriere\\\/\",\"url\":\"https:\\\/\\\/happybite-berlin.de\\\/karriere\\\/\",\"name\":\"Jobs in unserer Zahnarztpraxis in Berlin-Moabit | happybite\",\"isPartOf\":{\"@id\":\"https:\\\/\\\/happybite-berlin.de\\\/#website\"},\"datePublished\":\"2025-12-07T10:45:28+00:00\",\"dateModified\":\"2026-02-11T15:28:27+00:00\",\"description\":\"Karriere bei happybite in Berlin-Moabit: wertsch\u00e4tzendes Team, strukturierte Abl\u00e4ufe und Entwicklungsm\u00f6glichkeiten in moderner Praxis. Jetzt bewerben.\",\"breadcrumb\":{\"@id\":\"https:\\\/\\\/happybite-berlin.de\\\/karriere\\\/#breadcrumb\"},\"inLanguage\":\"en-GB\",\"potentialAction\":[{\"@type\":\"ReadAction\",\"target\":[\"https:\\\/\\\/happybite-berlin.de\\\/karriere\\\/\"]}]},{\"@type\":\"BreadcrumbList\",\"@id\":\"https:\\\/\\\/happybite-berlin.de\\\/karriere\\\/#breadcrumb\",\"itemListElement\":[{\"@type\":\"ListItem\",\"position\":1,\"name\":\"Startseite\",\"item\":\"https:\\\/\\\/happybite-berlin.de\\\/\"},{\"@type\":\"ListItem\",\"position\":2,\"name\":\"Karriere\"}]},{\"@type\":\"WebSite\",\"@id\":\"https:\\\/\\\/happybite-berlin.de\\\/#website\",\"url\":\"https:\\\/\\\/happybite-berlin.de\\\/\",\"name\":\"happybite - love your smile\",\"description\":\"\",\"publisher\":{\"@id\":\"https:\\\/\\\/happybite-berlin.de\\\/#organization\"},\"potentialAction\":[{\"@type\":\"SearchAction\",\"target\":{\"@type\":\"EntryPoint\",\"urlTemplate\":\"https:\\\/\\\/happybite-berlin.de\\\/?s={search_term_string}\"},\"query-input\":{\"@type\":\"PropertyValueSpecification\",\"valueRequired\":true,\"valueName\":\"search_term_string\"}}],\"inLanguage\":\"en-GB\"},{\"@type\":\"Organization\",\"@id\":\"https:\\\/\\\/happybite-berlin.de\\\/#organization\",\"name\":\"happybite - love your smile\",\"url\":\"https:\\\/\\\/happybite-berlin.de\\\/\",\"logo\":{\"@type\":\"ImageObject\",\"inLanguage\":\"en-GB\",\"@id\":\"https:\\\/\\\/happybite-berlin.de\\\/#\\\/schema\\\/logo\\\/image\\\/\",\"url\":\"https:\\\/\\\/happybite-berlin.de\\\/wp-content\\\/uploads\\\/2025\\\/12\\\/favicon-happybite.png\",\"contentUrl\":\"https:\\\/\\\/happybite-berlin.de\\\/wp-content\\\/uploads\\\/2025\\\/12\\\/favicon-happybite.png\",\"width\":100,\"height\":100,\"caption\":\"happybite - love your smile\"},\"image\":{\"@id\":\"https:\\\/\\\/happybite-berlin.de\\\/#\\\/schema\\\/logo\\\/image\\\/\"}}]}<\/script>\n<!-- \/ Yoast SEO plugin. -->","yoast_head_json":{"title":"Jobs in unserer Zahnarztpraxis in Berlin-Moabit | happybite","description":"Karriere bei happybite in Berlin-Moabit: wertsch\u00e4tzendes Team, strukturierte Abl\u00e4ufe und Entwicklungsm\u00f6glichkeiten in moderner Praxis. Jetzt bewerben.","robots":{"index":"noindex","follow":"follow"},"og_locale":"en_GB","og_type":"article","og_title":"Jobs in unserer Zahnarztpraxis in Berlin-Moabit | happybite","og_description":"Karriere bei happybite in Berlin-Moabit: wertsch\u00e4tzendes Team, strukturierte Abl\u00e4ufe und Entwicklungsm\u00f6glichkeiten in moderner Praxis. Jetzt bewerben.","og_url":"https:\/\/happybite-berlin.de\/en\/karriere\/","og_site_name":"happybite Berlin","article_modified_time":"2026-02-11T15:28:27+00:00","twitter_card":"summary_large_image","twitter_misc":{"Estimated reading time":"1 minute"},"schema":{"@context":"https:\/\/schema.org","@graph":[{"@type":"WebPage","@id":"https:\/\/happybite-berlin.de\/karriere\/","url":"https:\/\/happybite-berlin.de\/karriere\/","name":"Jobs in unserer Zahnarztpraxis in Berlin-Moabit | happybite","isPartOf":{"@id":"https:\/\/happybite-berlin.de\/#website"},"datePublished":"2025-12-07T10:45:28+00:00","dateModified":"2026-02-11T15:28:27+00:00","description":"Karriere bei happybite in Berlin-Moabit: wertsch\u00e4tzendes Team, strukturierte Abl\u00e4ufe und Entwicklungsm\u00f6glichkeiten in moderner Praxis. Jetzt bewerben.","breadcrumb":{"@id":"https:\/\/happybite-berlin.de\/karriere\/#breadcrumb"},"inLanguage":"en-GB","potentialAction":[{"@type":"ReadAction","target":["https:\/\/happybite-berlin.de\/karriere\/"]}]},{"@type":"BreadcrumbList","@id":"https:\/\/happybite-berlin.de\/karriere\/#breadcrumb","itemListElement":[{"@type":"ListItem","position":1,"name":"Startseite","item":"https:\/\/happybite-berlin.de\/"},{"@type":"ListItem","position":2,"name":"Karriere"}]},{"@type":"WebSite","@id":"https:\/\/happybite-berlin.de\/#website","url":"https:\/\/happybite-berlin.de\/","name":"happybite - love your smile","description":"","publisher":{"@id":"https:\/\/happybite-berlin.de\/#organization"},"potentialAction":[{"@type":"SearchAction","target":{"@type":"EntryPoint","urlTemplate":"https:\/\/happybite-berlin.de\/?s={search_term_string}"},"query-input":{"@type":"PropertyValueSpecification","valueRequired":true,"valueName":"search_term_string"}}],"inLanguage":"en-GB"},{"@type":"Organization","@id":"https:\/\/happybite-berlin.de\/#organization","name":"happybite - love your smile","url":"https:\/\/happybite-berlin.de\/","logo":{"@type":"ImageObject","inLanguage":"en-GB","@id":"https:\/\/happybite-berlin.de\/#\/schema\/logo\/image\/","url":"https:\/\/happybite-berlin.de\/wp-content\/uploads\/2025\/12\/favicon-happybite.png","contentUrl":"https:\/\/happybite-berlin.de\/wp-content\/uploads\/2025\/12\/favicon-happybite.png","width":100,"height":100,"caption":"happybite - love your smile"},"image":{"@id":"https:\/\/happybite-berlin.de\/#\/schema\/logo\/image\/"}}]}},"_links":{"self":[{"href":"https:\/\/happybite-berlin.de\/en\/wp-json\/wp\/v2\/pages\/22","targetHints":{"allow":["GET"]}}],"collection":[{"href":"https:\/\/happybite-berlin.de\/en\/wp-json\/wp\/v2\/pages"}],"about":[{"href":"https:\/\/happybite-berlin.de\/en\/wp-json\/wp\/v2\/types\/page"}],"author":[{"embeddable":true,"href":"https:\/\/happybite-berlin.de\/en\/wp-json\/wp\/v2\/users\/1"}],"replies":[{"embeddable":true,"href":"https:\/\/happybite-berlin.de\/en\/wp-json\/wp\/v2\/comments?post=22"}],"version-history":[{"count":10,"href":"https:\/\/happybite-berlin.de\/en\/wp-json\/wp\/v2\/pages\/22\/revisions"}],"predecessor-version":[{"id":416,"href":"https:\/\/happybite-berlin.de\/en\/wp-json\/wp\/v2\/pages\/22\/revisions\/416"}],"wp:attachment":[{"href":"https:\/\/happybite-berlin.de\/en\/wp-json\/wp\/v2\/media?parent=22"}],"curies":[{"name":"wp","href":"https:\/\/api.w.org\/{rel}","templated":true}]}}