{"id":296,"date":"2025-12-07T16:05:46","date_gmt":"2025-12-07T15:05:46","guid":{"rendered":"https:\/\/happybite-berlin.de\/?page_id=296"},"modified":"2026-02-22T12:40:53","modified_gmt":"2026-02-22T11:40:53","slug":"kontrolluntersuchung","status":"publish","type":"page","link":"https:\/\/happybite-berlin.de\/en\/leistungen\/kontrolluntersuchung\/","title":{"rendered":"checked"},"content":{"rendered":"<div data-elementor-type=\"wp-page\" data-elementor-id=\"296\" class=\"elementor elementor-296\" data-elementor-post-type=\"page\">\n\t\t\t\t<div class=\"elementor-element elementor-element-70f5106 e-flex e-con-boxed e-con e-parent\" data-id=\"70f5106\" data-element_type=\"container\" data-e-type=\"container\">\n\t\t\t\t\t<div class=\"e-con-inner\">\n\t\t<div class=\"elementor-element elementor-element-503a648 e-con-full e-flex e-con e-child\" data-id=\"503a648\" data-element_type=\"container\" data-e-type=\"container\">\n\t\t<div class=\"elementor-element elementor-element-81af688 e-con-full e-flex e-con e-child\" data-id=\"81af688\" data-element_type=\"container\" data-e-type=\"container\">\n\t\t\t\t<div class=\"elementor-element elementor-element-8300d85 elementor-widget elementor-widget-heading\" data-id=\"8300d85\" data-element_type=\"widget\" data-e-type=\"widget\" data-widget_type=\"heading.default\">\n\t\t\t\t\t<h1 class=\"elementor-heading-title elementor-size-default\">Routine dental check-up<\/h1>\t\t\t\t<\/div>\n\t\t\t\t<div class=\"elementor-element elementor-element-ceb7ec0 elementor-widget elementor-widget-heading\" data-id=\"ceb7ec0\" data-element_type=\"widget\" data-e-type=\"widget\" data-widget_type=\"heading.default\">\n\t\t\t\t\t<h2 class=\"elementor-heading-title elementor-size-default\">Twice a year for healthy teeth<\/h2>\t\t\t\t<\/div>\n\t\t\t\t<\/div>\n\t\t<div class=\"elementor-element elementor-element-8d5b210 e-con-full e-flex e-con e-child\" data-id=\"8d5b210\" data-element_type=\"container\" data-e-type=\"container\">\n\t\t\t\t<div class=\"elementor-element elementor-element-c5b0124 elementor-widget elementor-widget-image\" data-id=\"c5b0124\" data-element_type=\"widget\" data-e-type=\"widget\" data-widget_type=\"image.default\">\n\t\t\t\t\t\t\t\t\t\t\t\t\t\t\t<img fetchpriority=\"high\" decoding=\"async\" width=\"750\" height=\"750\" src=\"https:\/\/happybite-berlin.de\/wp-content\/uploads\/2025\/12\/01_Happybite_Examination_Icon.webp\" class=\"attachment-large size-large wp-image-261\" alt=\"Kontrolluntersuchung\" srcset=\"https:\/\/happybite-berlin.de\/wp-content\/uploads\/2025\/12\/01_Happybite_Examination_Icon.webp 750w, https:\/\/happybite-berlin.de\/wp-content\/uploads\/2025\/12\/01_Happybite_Examination_Icon-300x300.webp 300w, https:\/\/happybite-berlin.de\/wp-content\/uploads\/2025\/12\/01_Happybite_Examination_Icon-150x150.webp 150w\" sizes=\"(max-width: 750px) 100vw, 750px\" \/>\t\t\t\t\t\t\t\t\t\t\t\t\t\t\t<\/div>\n\t\t\t\t<\/div>\n\t\t\t\t<\/div>\n\t\t<div class=\"elementor-element elementor-element-dc30237 e-con-full e-flex e-con e-child\" data-id=\"dc30237\" data-element_type=\"container\" data-e-type=\"container\" data-settings=\"{&quot;background_background&quot;:&quot;classic&quot;}\">\n\t\t\t\t<div class=\"elementor-element elementor-element-d0e7d1e elementor-widget elementor-widget-text-editor\" data-id=\"d0e7d1e\" data-element_type=\"widget\" data-e-type=\"widget\" data-widget_type=\"text-editor.default\">\n\t\t\t\t\t\t\t\t\t<p class=\"\">Regular dental check-ups are a crucial part of preventive dental care and play a key role in maintaining long-term oral health. At our dental practice in Berlin-Moabit, we help patients detect oral conditions such as tooth decay and periodontal disease at an early stage. These issues often develop gradually and cause little to no discomfort at first. By visiting a dentist regularly, problems can be identified and treated early\u2014before they lead to serious damage or require complex dental treatments.<\/p>\n<p class=\"\">A dental check-up is far more than a simple visual examination\u2014it is a comprehensive assessment of your overall oral health. At our dental practice in Berlin-Moabit, regular check-ups help keep your teeth, gums, and entire oral health on a strong and healthy foundation, allowing potential issues to be identified early and prevented effectively.<\/p>\n<p><b>Why Are Regular Dental Check-Ups So Important?<\/b><\/p>\n<p class=\"\">Teeth are exposed to numerous stresses throughout a lifetime\u2014from eating and drinking to teeth grinding, daily brushing, and bacterial influences. Even with thorough at-home oral care, dental issues can develop that often remain invisible to the untrained eye. This is why regular dental check-ups offer many important benefits:<\/p>\n<ul>\n<li>\n<p class=\"\">Early detection of tooth decay and gum disease:<br>A dentist can detect early signs of tooth decay or gum inflammation long before they cause noticeable symptoms or discomfort.<\/p>\n<\/li>\n<li>\n<p class=\"\">Examination of tooth structure and supporting tissues:<br>The condition of the tooth enamel, gums, and jawbone is carefully assessed in order to identify changes at an early stage.<\/p>\n<\/li>\n<li>\n<p class=\"\">Preserving natural teeth through preventive care:<br>Those who attend regular dental check-ups have a much better chance of preserving their natural teeth well into old age.<\/p>\n<\/li>\n<li>\n<p class=\"\">Detection of bite misalignment and jaw joint disorders:<br>Early detection of misaligned teeth (malocclusion) or bite problems allows timely treatment and may help prevent more complex issues later on. At happybite, our dental clinic in Berlin-Moabit, we assess bite alignment during routine check-ups and, where appropriate, recommend options such as clear aligners.<\/p>\n<\/li>\n<li>\n<p class=\"\">Oral hygiene and nutrition advice:<br>Your dentist provides practical advice on daily oral care, including how to use tools such as dental floss and interdental brushes, as well as guidance on a tooth-friendly diet to support long-term oral health.<\/p>\n<\/li>\n<\/ul>\n<p><b>What happens during a routine dental check-up<\/b><\/p>\n<p class=\"\">The exact steps may vary slightly from one situation to another, but a routine check-up typically follows this structure:<\/p>\n<ol data-rte-list=\"default\">\n<li>\n<p class=\"\">Medical history consultation:<br>We start by asking about any current symptoms, recent changes, or pre-existing conditions. We also review any medications and general health conditions, as these can affect oral health.<\/p>\n<\/li>\n<li>\n<p class=\"\">Examination of the teeth:<br>Each tooth is examined individually for tooth decay (caries), defective fillings, cracks, and any other signs of concern.<\/p>\n<\/li>\n<li>\n<p class=\"\">Assessment of the gums and supporting tissues:<br>We check the condition of the gums, looking for redness, a tendency to bleed, or gum pockets. If needed, we measure pocket depths.<\/p>\n<\/li>\n<li>\n<p class=\"\">Dental X-rays (if needed):<br>If certain areas are not clearly visible or there is suspicion of hidden problems, dental X-rays may be taken\u2014for example, to detect decay between teeth or to assess the jawbone.<\/p>\n<\/li>\n<li>\n<p class=\"\">Personalised advice and next steps:<br>After the examination, we discuss the findings and, if needed, recommend next steps\u2014such as improved brushing techniques, dietary adjustments, fluoride use, or further treatment.<\/p>\n<\/li>\n<\/ol>\n<p><b>How often should you have a routine dental check-up?<\/b><\/p>\n<p class=\"\">In Germany, people with statutory health insurance are advised to have a routine dental check-up at least twice a year (every six months). For certain higher-risk groups\u2014such as patients with periodontitis, dental implants, an increased risk of tooth decay, or a weakened immune system\u2014more frequent check-ups may be advisable.<\/p>\n<p class=\"\">Regularity is especially important: only with recurring check-ups can changes be compared over time and developments in the mouth be monitored reliably.<\/p>\n<p><b>Conclusion: prevention is better than treatment.<\/b><\/p>\n<p class=\"\">Regular dental check-ups are a simple but highly effective way to protect your oral health. They help detect problems early, reduce the risk of pain, and can prevent costly, time-consuming treatments. They may also support overall health, as research suggests an association between oral health and conditions such as diabetes and cardiovascular disease. At happybite, our dental clinic in Berlin-Moabit, we use routine examinations to monitor changes over time and recommend personalised preventive care.<\/p>\n<p class=\"\">Don\u2019t wait until you\u2019re in pain \u2014 take care of your oral health early. Book your check-up appointment with us in Berlin\u2011Moabit today<span style=\"text-align: var(--text-align);\">&nbsp;<\/span><span style=\"text-align: var(--text-align);\">bei uns in Berlin-Moabit<\/span><span style=\"font-style: inherit; text-align: var(--text-align);\">&nbsp;and invest in your dental health and overall well-being. Your teeth will thank you!<\/span><\/p>\t\t\t\t\t\t\t\t<\/div>\n\t\t\t\t<div class=\"elementor-element elementor-element-544b694 elementor-align-center elementor-widget elementor-widget-button\" data-id=\"544b694\" data-element_type=\"widget\" data-e-type=\"widget\" data-widget_type=\"button.default\">\n\t\t\t\t\t\t\t\t\t\t<a class=\"elementor-button elementor-button-link elementor-size-sm\" href=\"https:\/\/www.doctolib.de\/zmvz-zahnmedizinisches-versorgungszentrum\/berlin\/where-the-dentists-are\/booking\/practitioners?specialityId=1285&#038;telehealth=false&#038;placeId=practice-328076&#038;motiveIds%5B%5D=6574139&#038;source=deep_link\" target=\"_blank\">\n\t\t\t\t\t\t<span class=\"elementor-button-content-wrapper\">\n\t\t\t\t\t\t\t\t\t<span class=\"elementor-button-text\">Book appointment now<\/span>\n\t\t\t\t\t<\/span>\n\t\t\t\t\t<\/a>\n\t\t\t\t\t\t\t\t<\/div>\n\t\t\t\t<\/div>\n\t\t\t\t\t<\/div>\n\t\t\t\t<\/div>\n\t\t\t\t<\/div>","protected":false},"excerpt":{"rendered":"<p>Regelm\u00e4\u00dfige Kontroll\u00aduntersuchung Zweimal j\u00e4hrlich zur Kontrolle f\u00fcr langfristige Mundgesundheit Regelm\u00e4\u00dfige Kontrollen beim Zahnarzt sind ein entscheidender Bestandteil der Vorsorge und [&hellip;]<\/p>\n","protected":false},"author":1,"featured_media":0,"parent":18,"menu_order":0,"comment_status":"closed","ping_status":"closed","template":"elementor_header_footer","meta":{"site-sidebar-layout":"no-sidebar","site-content-layout":"","ast-site-content-layout":"full-width-container","site-content-style":"default","site-sidebar-style":"default","ast-global-header-display":"","ast-banner-title-visibility":"","ast-main-header-display":"","ast-hfb-above-header-display":"","ast-hfb-below-header-display":"","ast-hfb-mobile-header-display":"","site-post-title":"","ast-breadcrumbs-content":"","ast-featured-img":"disabled","footer-sml-layout":"","ast-disable-related-posts":"","theme-transparent-header-meta":"","adv-header-id-meta":"","stick-header-meta":"","header-above-stick-meta":"","header-main-stick-meta":"","header-below-stick-meta":"","astra-migrate-meta-layouts":"default","ast-page-background-enabled":"default","ast-page-background-meta":{"desktop":{"background-color":"var(--ast-global-color-5)","background-image":"","background-repeat":"repeat","background-position":"center center","background-size":"auto","background-attachment":"scroll","background-type":"","background-media":"","overlay-type":"","overlay-color":"","overlay-opacity":"","overlay-gradient":""},"tablet":{"background-color":"","background-image":"","background-repeat":"repeat","background-position":"center center","background-size":"auto","background-attachment":"scroll","background-type":"","background-media":"","overlay-type":"","overlay-color":"","overlay-opacity":"","overlay-gradient":""},"mobile":{"background-color":"","background-image":"","background-repeat":"repeat","background-position":"center center","background-size":"auto","background-attachment":"scroll","background-type":"","background-media":"","overlay-type":"","overlay-color":"","overlay-opacity":"","overlay-gradient":""}},"ast-content-background-meta":{"desktop":{"background-color":"var(--ast-global-color-4)","background-image":"","background-repeat":"repeat","background-position":"center center","background-size":"auto","background-attachment":"scroll","background-type":"","background-media":"","overlay-type":"","overlay-color":"","overlay-opacity":"","overlay-gradient":""},"tablet":{"background-color":"var(--ast-global-color-4)","background-image":"","background-repeat":"repeat","background-position":"center center","background-size":"auto","background-attachment":"scroll","background-type":"","background-media":"","overlay-type":"","overlay-color":"","overlay-opacity":"","overlay-gradient":""},"mobile":{"background-color":"var(--ast-global-color-4)","background-image":"","background-repeat":"repeat","background-position":"center center","background-size":"auto","background-attachment":"scroll","background-type":"","background-media":"","overlay-type":"","overlay-color":"","overlay-opacity":"","overlay-gradient":""}},"footnotes":""},"class_list":["post-296","page","type-page","status-publish","hentry"],"yoast_head":"<!-- This site is optimized with the Yoast SEO plugin v27.5 - https:\/\/yoast.com\/product\/yoast-seo-wordpress\/ -->\n<title>Kontrolluntersuchung in Berlin-Moabit | happybite<\/title>\n<meta name=\"description\" content=\"Kontrolluntersuchung in Berlin-Moabit: Fr\u00fcherkennung von Karies und Zahnfleischproblemen, klare Beratung und individueller Plan \u2013 Termin online bei happybite.\" \/>\n<meta name=\"robots\" content=\"index, follow, max-snippet:-1, max-image-preview:large, max-video-preview:-1\" \/>\n<link rel=\"canonical\" href=\"https:\/\/happybite-berlin.de\/en\/leistungen\/kontrolluntersuchung\/\" \/>\n<meta property=\"og:locale\" content=\"en_GB\" \/>\n<meta property=\"og:type\" content=\"article\" \/>\n<meta property=\"og:title\" content=\"Kontrolluntersuchung in Berlin-Moabit | happybite\" \/>\n<meta property=\"og:description\" content=\"Kontrolluntersuchung in Berlin-Moabit: Fr\u00fcherkennung von Karies und Zahnfleischproblemen, klare Beratung und individueller Plan \u2013 Termin online bei happybite.\" \/>\n<meta property=\"og:url\" content=\"https:\/\/happybite-berlin.de\/en\/leistungen\/kontrolluntersuchung\/\" \/>\n<meta property=\"og:site_name\" content=\"happybite Berlin\" \/>\n<meta property=\"article:modified_time\" content=\"2026-02-22T11:40:53+00:00\" \/>\n<meta property=\"og:image\" content=\"https:\/\/happybite-berlin.de\/wp-content\/uploads\/2025\/12\/01_Happybite_Examination_Icon.webp\" \/>\n\t<meta property=\"og:image:width\" content=\"750\" \/>\n\t<meta property=\"og:image:height\" content=\"750\" \/>\n\t<meta property=\"og:image:type\" content=\"image\/webp\" \/>\n<meta name=\"twitter:card\" content=\"summary_large_image\" \/>\n<meta name=\"twitter:label1\" content=\"Estimated reading time\" \/>\n\t<meta name=\"twitter:data1\" content=\"4 minutes\" \/>\n<script type=\"application\/ld+json\" class=\"yoast-schema-graph\">{\"@context\":\"https:\\\/\\\/schema.org\",\"@graph\":[{\"@type\":\"WebPage\",\"@id\":\"https:\\\/\\\/happybite-berlin.de\\\/leistungen\\\/kontrolluntersuchung\\\/\",\"url\":\"https:\\\/\\\/happybite-berlin.de\\\/leistungen\\\/kontrolluntersuchung\\\/\",\"name\":\"Kontrolluntersuchung in Berlin-Moabit | happybite\",\"isPartOf\":{\"@id\":\"https:\\\/\\\/happybite-berlin.de\\\/#website\"},\"primaryImageOfPage\":{\"@id\":\"https:\\\/\\\/happybite-berlin.de\\\/leistungen\\\/kontrolluntersuchung\\\/#primaryimage\"},\"image\":{\"@id\":\"https:\\\/\\\/happybite-berlin.de\\\/leistungen\\\/kontrolluntersuchung\\\/#primaryimage\"},\"thumbnailUrl\":\"https:\\\/\\\/happybite-berlin.de\\\/wp-content\\\/uploads\\\/2025\\\/12\\\/01_Happybite_Examination_Icon.webp\",\"datePublished\":\"2025-12-07T15:05:46+00:00\",\"dateModified\":\"2026-02-22T11:40:53+00:00\",\"description\":\"Kontrolluntersuchung in Berlin-Moabit: Fr\u00fcherkennung von Karies und Zahnfleischproblemen, klare Beratung und individueller Plan \u2013 Termin online bei happybite.\",\"breadcrumb\":{\"@id\":\"https:\\\/\\\/happybite-berlin.de\\\/leistungen\\\/kontrolluntersuchung\\\/#breadcrumb\"},\"inLanguage\":\"en-GB\",\"potentialAction\":[{\"@type\":\"ReadAction\",\"target\":[\"https:\\\/\\\/happybite-berlin.de\\\/leistungen\\\/kontrolluntersuchung\\\/\"]}]},{\"@type\":\"ImageObject\",\"inLanguage\":\"en-GB\",\"@id\":\"https:\\\/\\\/happybite-berlin.de\\\/leistungen\\\/kontrolluntersuchung\\\/#primaryimage\",\"url\":\"https:\\\/\\\/happybite-berlin.de\\\/wp-content\\\/uploads\\\/2025\\\/12\\\/01_Happybite_Examination_Icon.webp\",\"contentUrl\":\"https:\\\/\\\/happybite-berlin.de\\\/wp-content\\\/uploads\\\/2025\\\/12\\\/01_Happybite_Examination_Icon.webp\"},{\"@type\":\"BreadcrumbList\",\"@id\":\"https:\\\/\\\/happybite-berlin.de\\\/leistungen\\\/kontrolluntersuchung\\\/#breadcrumb\",\"itemListElement\":[{\"@type\":\"ListItem\",\"position\":1,\"name\":\"Startseite\",\"item\":\"https:\\\/\\\/happybite-berlin.de\\\/\"},{\"@type\":\"ListItem\",\"position\":2,\"name\":\"Leistungen\",\"item\":\"https:\\\/\\\/happybite-berlin.de\\\/leistungen\\\/\"},{\"@type\":\"ListItem\",\"position\":3,\"name\":\"Kontrolluntersuchung\"}]},{\"@type\":\"WebSite\",\"@id\":\"https:\\\/\\\/happybite-berlin.de\\\/#website\",\"url\":\"https:\\\/\\\/happybite-berlin.de\\\/\",\"name\":\"happybite - love your smile\",\"description\":\"\",\"publisher\":{\"@id\":\"https:\\\/\\\/happybite-berlin.de\\\/#organization\"},\"potentialAction\":[{\"@type\":\"SearchAction\",\"target\":{\"@type\":\"EntryPoint\",\"urlTemplate\":\"https:\\\/\\\/happybite-berlin.de\\\/?s={search_term_string}\"},\"query-input\":{\"@type\":\"PropertyValueSpecification\",\"valueRequired\":true,\"valueName\":\"search_term_string\"}}],\"inLanguage\":\"en-GB\"},{\"@type\":\"Organization\",\"@id\":\"https:\\\/\\\/happybite-berlin.de\\\/#organization\",\"name\":\"happybite - love your smile\",\"url\":\"https:\\\/\\\/happybite-berlin.de\\\/\",\"logo\":{\"@type\":\"ImageObject\",\"inLanguage\":\"en-GB\",\"@id\":\"https:\\\/\\\/happybite-berlin.de\\\/#\\\/schema\\\/logo\\\/image\\\/\",\"url\":\"https:\\\/\\\/happybite-berlin.de\\\/wp-content\\\/uploads\\\/2025\\\/12\\\/favicon-happybite.png\",\"contentUrl\":\"https:\\\/\\\/happybite-berlin.de\\\/wp-content\\\/uploads\\\/2025\\\/12\\\/favicon-happybite.png\",\"width\":100,\"height\":100,\"caption\":\"happybite - love your smile\"},\"image\":{\"@id\":\"https:\\\/\\\/happybite-berlin.de\\\/#\\\/schema\\\/logo\\\/image\\\/\"}}]}<\/script>\n<!-- \/ Yoast SEO plugin. -->","yoast_head_json":{"title":"Kontrolluntersuchung in Berlin-Moabit | happybite","description":"Kontrolluntersuchung in Berlin-Moabit: Fr\u00fcherkennung von Karies und Zahnfleischproblemen, klare Beratung und individueller Plan \u2013 Termin online bei happybite.","robots":{"index":"index","follow":"follow","max-snippet":"max-snippet:-1","max-image-preview":"max-image-preview:large","max-video-preview":"max-video-preview:-1"},"canonical":"https:\/\/happybite-berlin.de\/en\/leistungen\/kontrolluntersuchung\/","og_locale":"en_GB","og_type":"article","og_title":"Kontrolluntersuchung in Berlin-Moabit | happybite","og_description":"Kontrolluntersuchung in Berlin-Moabit: Fr\u00fcherkennung von Karies und Zahnfleischproblemen, klare Beratung und individueller Plan \u2013 Termin online bei happybite.","og_url":"https:\/\/happybite-berlin.de\/en\/leistungen\/kontrolluntersuchung\/","og_site_name":"happybite Berlin","article_modified_time":"2026-02-22T11:40:53+00:00","og_image":[{"width":750,"height":750,"url":"https:\/\/happybite-berlin.de\/wp-content\/uploads\/2025\/12\/01_Happybite_Examination_Icon.webp","type":"image\/webp"}],"twitter_card":"summary_large_image","twitter_misc":{"Estimated reading time":"4 minutes"},"schema":{"@context":"https:\/\/schema.org","@graph":[{"@type":"WebPage","@id":"https:\/\/happybite-berlin.de\/leistungen\/kontrolluntersuchung\/","url":"https:\/\/happybite-berlin.de\/leistungen\/kontrolluntersuchung\/","name":"Kontrolluntersuchung in Berlin-Moabit | happybite","isPartOf":{"@id":"https:\/\/happybite-berlin.de\/#website"},"primaryImageOfPage":{"@id":"https:\/\/happybite-berlin.de\/leistungen\/kontrolluntersuchung\/#primaryimage"},"image":{"@id":"https:\/\/happybite-berlin.de\/leistungen\/kontrolluntersuchung\/#primaryimage"},"thumbnailUrl":"https:\/\/happybite-berlin.de\/wp-content\/uploads\/2025\/12\/01_Happybite_Examination_Icon.webp","datePublished":"2025-12-07T15:05:46+00:00","dateModified":"2026-02-22T11:40:53+00:00","description":"Kontrolluntersuchung in Berlin-Moabit: Fr\u00fcherkennung von Karies und Zahnfleischproblemen, klare Beratung und individueller Plan \u2013 Termin online bei happybite.","breadcrumb":{"@id":"https:\/\/happybite-berlin.de\/leistungen\/kontrolluntersuchung\/#breadcrumb"},"inLanguage":"en-GB","potentialAction":[{"@type":"ReadAction","target":["https:\/\/happybite-berlin.de\/leistungen\/kontrolluntersuchung\/"]}]},{"@type":"ImageObject","inLanguage":"en-GB","@id":"https:\/\/happybite-berlin.de\/leistungen\/kontrolluntersuchung\/#primaryimage","url":"https:\/\/happybite-berlin.de\/wp-content\/uploads\/2025\/12\/01_Happybite_Examination_Icon.webp","contentUrl":"https:\/\/happybite-berlin.de\/wp-content\/uploads\/2025\/12\/01_Happybite_Examination_Icon.webp"},{"@type":"BreadcrumbList","@id":"https:\/\/happybite-berlin.de\/leistungen\/kontrolluntersuchung\/#breadcrumb","itemListElement":[{"@type":"ListItem","position":1,"name":"Startseite","item":"https:\/\/happybite-berlin.de\/"},{"@type":"ListItem","position":2,"name":"Leistungen","item":"https:\/\/happybite-berlin.de\/leistungen\/"},{"@type":"ListItem","position":3,"name":"Kontrolluntersuchung"}]},{"@type":"WebSite","@id":"https:\/\/happybite-berlin.de\/#website","url":"https:\/\/happybite-berlin.de\/","name":"happybite - love your smile","description":"","publisher":{"@id":"https:\/\/happybite-berlin.de\/#organization"},"potentialAction":[{"@type":"SearchAction","target":{"@type":"EntryPoint","urlTemplate":"https:\/\/happybite-berlin.de\/?s={search_term_string}"},"query-input":{"@type":"PropertyValueSpecification","valueRequired":true,"valueName":"search_term_string"}}],"inLanguage":"en-GB"},{"@type":"Organization","@id":"https:\/\/happybite-berlin.de\/#organization","name":"happybite - love your smile","url":"https:\/\/happybite-berlin.de\/","logo":{"@type":"ImageObject","inLanguage":"en-GB","@id":"https:\/\/happybite-berlin.de\/#\/schema\/logo\/image\/","url":"https:\/\/happybite-berlin.de\/wp-content\/uploads\/2025\/12\/favicon-happybite.png","contentUrl":"https:\/\/happybite-berlin.de\/wp-content\/uploads\/2025\/12\/favicon-happybite.png","width":100,"height":100,"caption":"happybite - love your smile"},"image":{"@id":"https:\/\/happybite-berlin.de\/#\/schema\/logo\/image\/"}}]}},"_links":{"self":[{"href":"https:\/\/happybite-berlin.de\/en\/wp-json\/wp\/v2\/pages\/296","targetHints":{"allow":["GET"]}}],"collection":[{"href":"https:\/\/happybite-berlin.de\/en\/wp-json\/wp\/v2\/pages"}],"about":[{"href":"https:\/\/happybite-berlin.de\/en\/wp-json\/wp\/v2\/types\/page"}],"author":[{"embeddable":true,"href":"https:\/\/happybite-berlin.de\/en\/wp-json\/wp\/v2\/users\/1"}],"replies":[{"embeddable":true,"href":"https:\/\/happybite-berlin.de\/en\/wp-json\/wp\/v2\/comments?post=296"}],"version-history":[{"count":10,"href":"https:\/\/happybite-berlin.de\/en\/wp-json\/wp\/v2\/pages\/296\/revisions"}],"predecessor-version":[{"id":1378,"href":"https:\/\/happybite-berlin.de\/en\/wp-json\/wp\/v2\/pages\/296\/revisions\/1378"}],"up":[{"embeddable":true,"href":"https:\/\/happybite-berlin.de\/en\/wp-json\/wp\/v2\/pages\/18"}],"wp:attachment":[{"href":"https:\/\/happybite-berlin.de\/en\/wp-json\/wp\/v2\/media?parent=296"}],"curies":[{"name":"wp","href":"https:\/\/api.w.org\/{rel}","templated":true}]}}