{"id":310,"date":"2025-12-07T16:33:12","date_gmt":"2025-12-07T15:33:12","guid":{"rendered":"https:\/\/happybite-berlin.de\/?page_id=310"},"modified":"2026-02-12T19:38:25","modified_gmt":"2026-02-12T18:38:25","slug":"professionelle-zahnreinigung","status":"publish","type":"page","link":"https:\/\/happybite-berlin.de\/en\/leistungen\/professionelle-zahnreinigung\/","title":{"rendered":"Dental cleaning"},"content":{"rendered":"<div data-elementor-type=\"wp-page\" data-elementor-id=\"310\" class=\"elementor elementor-310\" data-elementor-post-type=\"page\">\n\t\t\t\t<div class=\"elementor-element elementor-element-82708be e-flex e-con-boxed e-con e-parent\" data-id=\"82708be\" data-element_type=\"container\" data-e-type=\"container\">\n\t\t\t\t\t<div class=\"e-con-inner\">\n\t\t<div class=\"elementor-element elementor-element-d373a44 e-con-full e-flex e-con e-child\" data-id=\"d373a44\" data-element_type=\"container\" data-e-type=\"container\">\n\t\t<div class=\"elementor-element elementor-element-2101a6c e-con-full e-flex e-con e-child\" data-id=\"2101a6c\" data-element_type=\"container\" data-e-type=\"container\">\n\t\t\t\t<div class=\"elementor-element elementor-element-6da4336 elementor-widget elementor-widget-heading\" data-id=\"6da4336\" data-element_type=\"widget\" data-e-type=\"widget\" data-widget_type=\"heading.default\">\n\t\t\t\t\t<h1 class=\"elementor-heading-title elementor-size-default\">Professional teeth cleaning<\/h1>\t\t\t\t<\/div>\n\t\t\t\t<div class=\"elementor-element elementor-element-d150c4f elementor-widget elementor-widget-heading\" data-id=\"d150c4f\" data-element_type=\"widget\" data-e-type=\"widget\" data-widget_type=\"heading.default\">\n\t\t\t\t\t<h2 class=\"elementor-heading-title elementor-size-default\">For healthy teeth and a brighter smile<\/h2>\t\t\t\t<\/div>\n\t\t\t\t<\/div>\n\t\t<div class=\"elementor-element elementor-element-3233ca7 e-con-full e-flex e-con e-child\" data-id=\"3233ca7\" data-element_type=\"container\" data-e-type=\"container\">\n\t\t\t\t<div class=\"elementor-element elementor-element-e0489a5 elementor-widget elementor-widget-image\" data-id=\"e0489a5\" data-element_type=\"widget\" data-e-type=\"widget\" data-widget_type=\"image.default\">\n\t\t\t\t\t\t\t\t\t\t\t\t\t\t\t<img fetchpriority=\"high\" decoding=\"async\" width=\"750\" height=\"750\" src=\"https:\/\/happybite-berlin.de\/wp-content\/uploads\/2025\/12\/01_Happybite_Cleaning_Icon.webp\" class=\"attachment-large size-large wp-image-269\" alt=\"Zahnreinigung\" srcset=\"https:\/\/happybite-berlin.de\/wp-content\/uploads\/2025\/12\/01_Happybite_Cleaning_Icon.webp 750w, https:\/\/happybite-berlin.de\/wp-content\/uploads\/2025\/12\/01_Happybite_Cleaning_Icon-300x300.webp 300w, https:\/\/happybite-berlin.de\/wp-content\/uploads\/2025\/12\/01_Happybite_Cleaning_Icon-150x150.webp 150w\" sizes=\"(max-width: 750px) 100vw, 750px\" \/>\t\t\t\t\t\t\t\t\t\t\t\t\t\t\t<\/div>\n\t\t\t\t<\/div>\n\t\t\t\t<\/div>\n\t\t<div class=\"elementor-element elementor-element-db27c5b e-con-full e-flex e-con e-child\" data-id=\"db27c5b\" data-element_type=\"container\" data-e-type=\"container\" data-settings=\"{&quot;background_background&quot;:&quot;classic&quot;}\">\n\t\t\t\t<div class=\"elementor-element elementor-element-f0f79df elementor-widget elementor-widget-text-editor\" data-id=\"f0f79df\" data-element_type=\"widget\" data-e-type=\"widget\" data-widget_type=\"text-editor.default\">\n\t\t\t\t\t\t\t\t\t<p class=\"\">Professional teeth cleaning is a key part of preventive dentistry and an important step in maintaining long-term oral health. Even with careful daily brushing at home, bacterial plaque, tartar, and surface stains can build up over time\u2014especially in hard-to-reach areas such as between the teeth and along the gumline. These deposits increase the risk of tooth decay (caries), gum inflammation (gingivitis), and periodontal disease (periodontitis).<\/p>\n<p class=\"\">With regular professional teeth cleaning, many of these conditions can be effectively prevented. At the same time, the treatment leaves your mouth feeling fresh and your teeth looking cleaner and brighter\u2014helping you maintain a well-cared-for smile.<\/p>\n<p><b>What is professional teeth cleaning?<\/b><\/p>\n<p class=\"\">A professional teeth cleaning is a thorough, mechanical cleaning of the teeth carried out exclusively by qualified dental professionals. The aim is to remove disease-causing bacterial plaque (biofilm), surface stains, and tartar as completely as possible. This not only significantly reduces the risk of tooth decay and gum disease, but can also improve the appearance of your teeth.<\/p>\n<p><b>What happens during a professional teeth cleaning?<\/b><\/p>\n<ol data-rte-list=\"default\">\n<li>\n<p class=\"\">Oral examination<br>At the start of the appointment, we carefully assess the condition of your teeth, gums, and\u2014if applicable\u2014any existing restorations or dental prosthetics. Signs of inflammation or areas of concern are recorded.<\/p>\n<\/li>\n<li>\n<p class=\"\">Removal of plaque<br>Using hand instruments, ultrasonic devices, and air-polishing (powder-jet or AirFlow) technology, we remove soft and hard deposits as well as tartar\u2014both above and, where appropriate, just below the gumline.<\/p>\n<\/li>\n<li>\n<p class=\"\">Cleaning the interdental space<br>We clean between the teeth especially thoroughly, as bacteria and food debris often accumulate there. Depending on your needs, we use interdental brushes, dental floss, or an air-polishing (AirFlow) system.<\/p>\n<\/li>\n<li>\n<p class=\"\">Polishing the tooth<br>After cleaning, the teeth are polished. Smoother surfaces make it harder for plaque to adhere again and can also make the teeth look brighter.<\/p>\n<\/li>\n<li>\n<p class=\"\">Fluoride treatment<br>To finish, a highly effective fluoride gel or varnish is applied to strengthen the enamel and provide additional protection against tooth decay.<\/p>\n<\/li>\n<li>\n<p class=\"\">Personalised oral hygiene advice<br>Patients receive practical advice for at-home oral care\u2014for example, on proper brushing technique, how to use dental floss or interdental brushes, and guidance on a tooth-friendly diet.<\/p>\n<\/li>\n<\/ol>\n<p class=\"sqsrte-large\"><span class=\"sqsrte-text-highlight\" data-text-attribute-id=\"ffd7d5a7-9bef-4a53-8bd2-6cb734777ed8\"><b>Benefits of professional teeth cleaning<\/b><\/span><\/p>\n<ul data-rte-list=\"default\">\n<li>\n<p class=\"\">Effective protection against tooth decay by removing bacteria and plaque<\/p>\n<\/li>\n<li>\n<p class=\"\">Helps prevent gum inflammation (gingivitis) and periodontal disease<\/p>\n<\/li>\n<li>\n<p class=\"\">Improves appearance by reducing surface stains (for example from coffee, tea, or nicotine)<\/p>\n<\/li>\n<li>\n<p class=\"\">Helps reduce bad breath by lowering odour-causing bacteria<\/p>\n<\/li>\n<li>\n<p class=\"\">Protects tooth enamel through fluoride treatment<\/p>\n<\/li>\n<li>\n<p class=\"\">Helps maintain restorations such as crowns, bridges, and dental implants through targeted care<\/p>\n<\/li>\n<\/ul>\n<p><b>How often should you have a professional teeth cleaning?<\/b><\/p>\n<p class=\"\">The recommended frequency depends on individual factors such as your oral hygiene, general health, and any existing medical conditions. For most patients, having a professional teeth cleaning twice a year is sufficient. People with a higher risk of periodontal disease or tooth decay\u2014for example due to smoking, diabetes, or genetic predisposition\u2014often benefit from three to four sessions per year as part of a personalised preventive care programme.<\/p>\n<p><b>Conclusion<\/b><\/p>\n<p class=\"\">Professional teeth cleaning is far more than a cosmetic measure\u2014it is an essential part of preventing dental disease and plays a key role in preserving your natural teeth. It not only leaves your mouth feeling fresh, but can also help you avoid costly follow-up treatments.<\/p>\n<p class=\"\">Give your teeth the care they deserve\u2014book your next professional teeth cleaning with us and invest in your oral health. Your smile will thank you.<\/p>\t\t\t\t\t\t\t\t<\/div>\n\t\t\t\t<div class=\"elementor-element elementor-element-0236db2 elementor-align-center elementor-widget elementor-widget-button\" data-id=\"0236db2\" data-element_type=\"widget\" data-e-type=\"widget\" data-widget_type=\"button.default\">\n\t\t\t\t\t\t\t\t\t\t<a class=\"elementor-button elementor-button-link elementor-size-sm\" href=\"https:\/\/www.doctolib.de\/zmvz-zahnmedizinisches-versorgungszentrum\/berlin\/where-the-dentists-are\/booking\/motives?specialityId=1131&#038;telehealth=false&#038;placeId=practice-328076&#038;source=deep_link\" target=\"_blank\">\n\t\t\t\t\t\t<span class=\"elementor-button-content-wrapper\">\n\t\t\t\t\t\t\t\t\t<span class=\"elementor-button-text\">Book appointment now<\/span>\n\t\t\t\t\t<\/span>\n\t\t\t\t\t<\/a>\n\t\t\t\t\t\t\t\t<\/div>\n\t\t\t\t<\/div>\n\t\t\t\t\t<\/div>\n\t\t\t\t<\/div>\n\t\t\t\t<\/div>","protected":false},"excerpt":{"rendered":"<p>Professionelle Zahnreinigung F\u00fcr gesunde &amp; strahlende Z\u00e4hne Die professionelle Zahnreinigung (PZR) ist ein zentraler Bestandteil der Pr\u00e4vention und ein wichtiger [&hellip;]<\/p>\n","protected":false},"author":1,"featured_media":0,"parent":18,"menu_order":0,"comment_status":"closed","ping_status":"closed","template":"elementor_header_footer","meta":{"site-sidebar-layout":"no-sidebar","site-content-layout":"","ast-site-content-layout":"full-width-container","site-content-style":"default","site-sidebar-style":"default","ast-global-header-display":"","ast-banner-title-visibility":"","ast-main-header-display":"","ast-hfb-above-header-display":"","ast-hfb-below-header-display":"","ast-hfb-mobile-header-display":"","site-post-title":"","ast-breadcrumbs-content":"","ast-featured-img":"disabled","footer-sml-layout":"","ast-disable-related-posts":"","theme-transparent-header-meta":"","adv-header-id-meta":"","stick-header-meta":"","header-above-stick-meta":"","header-main-stick-meta":"","header-below-stick-meta":"","astra-migrate-meta-layouts":"default","ast-page-background-enabled":"default","ast-page-background-meta":{"desktop":{"background-color":"var(--ast-global-color-5)","background-image":"","background-repeat":"repeat","background-position":"center center","background-size":"auto","background-attachment":"scroll","background-type":"","background-media":"","overlay-type":"","overlay-color":"","overlay-opacity":"","overlay-gradient":""},"tablet":{"background-color":"","background-image":"","background-repeat":"repeat","background-position":"center center","background-size":"auto","background-attachment":"scroll","background-type":"","background-media":"","overlay-type":"","overlay-color":"","overlay-opacity":"","overlay-gradient":""},"mobile":{"background-color":"","background-image":"","background-repeat":"repeat","background-position":"center center","background-size":"auto","background-attachment":"scroll","background-type":"","background-media":"","overlay-type":"","overlay-color":"","overlay-opacity":"","overlay-gradient":""}},"ast-content-background-meta":{"desktop":{"background-color":"var(--ast-global-color-4)","background-image":"","background-repeat":"repeat","background-position":"center center","background-size":"auto","background-attachment":"scroll","background-type":"","background-media":"","overlay-type":"","overlay-color":"","overlay-opacity":"","overlay-gradient":""},"tablet":{"background-color":"var(--ast-global-color-4)","background-image":"","background-repeat":"repeat","background-position":"center center","background-size":"auto","background-attachment":"scroll","background-type":"","background-media":"","overlay-type":"","overlay-color":"","overlay-opacity":"","overlay-gradient":""},"mobile":{"background-color":"var(--ast-global-color-4)","background-image":"","background-repeat":"repeat","background-position":"center center","background-size":"auto","background-attachment":"scroll","background-type":"","background-media":"","overlay-type":"","overlay-color":"","overlay-opacity":"","overlay-gradient":""}},"footnotes":""},"class_list":["post-310","page","type-page","status-publish","hentry"],"yoast_head":"<!-- This site is optimized with the Yoast SEO plugin v27.5 - https:\/\/yoast.com\/product\/yoast-seo-wordpress\/ -->\n<title>Professionelle Zahnreinigung in Berlin-Moabit | happybite<\/title>\n<meta name=\"description\" content=\"Professionelle Zahnreinigung in Berlin-Moabit nahe Hauptbahnhof: PZR f\u00fcr weniger Bel\u00e4ge und gesundes Zahnfleisch \u2013 schonend und gr\u00fcndlich bei happybite.\" \/>\n<meta name=\"robots\" content=\"index, follow, max-snippet:-1, max-image-preview:large, max-video-preview:-1\" \/>\n<link rel=\"canonical\" href=\"https:\/\/happybite-berlin.de\/en\/leistungen\/professionelle-zahnreinigung\/\" \/>\n<meta property=\"og:locale\" content=\"en_GB\" \/>\n<meta property=\"og:type\" content=\"article\" \/>\n<meta property=\"og:title\" content=\"Professionelle Zahnreinigung in Berlin-Moabit | happybite\" \/>\n<meta property=\"og:description\" content=\"Professionelle Zahnreinigung in Berlin-Moabit nahe Hauptbahnhof: PZR f\u00fcr weniger Bel\u00e4ge und gesundes Zahnfleisch \u2013 schonend und gr\u00fcndlich bei happybite.\" \/>\n<meta property=\"og:url\" content=\"https:\/\/happybite-berlin.de\/en\/leistungen\/professionelle-zahnreinigung\/\" \/>\n<meta property=\"og:site_name\" content=\"happybite Berlin\" \/>\n<meta property=\"article:modified_time\" content=\"2026-02-12T18:38:25+00:00\" \/>\n<meta property=\"og:image\" content=\"https:\/\/happybite-berlin.de\/wp-content\/uploads\/2025\/12\/01_Happybite_Cleaning_Icon.webp\" \/>\n\t<meta property=\"og:image:width\" content=\"750\" \/>\n\t<meta property=\"og:image:height\" content=\"750\" \/>\n\t<meta property=\"og:image:type\" content=\"image\/webp\" \/>\n<meta name=\"twitter:card\" content=\"summary_large_image\" \/>\n<meta name=\"twitter:label1\" content=\"Estimated reading time\" \/>\n\t<meta name=\"twitter:data1\" content=\"3 minutes\" \/>\n<script type=\"application\/ld+json\" class=\"yoast-schema-graph\">{\"@context\":\"https:\\\/\\\/schema.org\",\"@graph\":[{\"@type\":\"WebPage\",\"@id\":\"https:\\\/\\\/happybite-berlin.de\\\/leistungen\\\/professionelle-zahnreinigung\\\/\",\"url\":\"https:\\\/\\\/happybite-berlin.de\\\/leistungen\\\/professionelle-zahnreinigung\\\/\",\"name\":\"Professionelle Zahnreinigung in Berlin-Moabit | happybite\",\"isPartOf\":{\"@id\":\"https:\\\/\\\/happybite-berlin.de\\\/#website\"},\"primaryImageOfPage\":{\"@id\":\"https:\\\/\\\/happybite-berlin.de\\\/leistungen\\\/professionelle-zahnreinigung\\\/#primaryimage\"},\"image\":{\"@id\":\"https:\\\/\\\/happybite-berlin.de\\\/leistungen\\\/professionelle-zahnreinigung\\\/#primaryimage\"},\"thumbnailUrl\":\"https:\\\/\\\/happybite-berlin.de\\\/wp-content\\\/uploads\\\/2025\\\/12\\\/01_Happybite_Cleaning_Icon.webp\",\"datePublished\":\"2025-12-07T15:33:12+00:00\",\"dateModified\":\"2026-02-12T18:38:25+00:00\",\"description\":\"Professionelle Zahnreinigung in Berlin-Moabit nahe Hauptbahnhof: PZR f\u00fcr weniger Bel\u00e4ge und gesundes Zahnfleisch \u2013 schonend und gr\u00fcndlich bei happybite.\",\"breadcrumb\":{\"@id\":\"https:\\\/\\\/happybite-berlin.de\\\/leistungen\\\/professionelle-zahnreinigung\\\/#breadcrumb\"},\"inLanguage\":\"en-GB\",\"potentialAction\":[{\"@type\":\"ReadAction\",\"target\":[\"https:\\\/\\\/happybite-berlin.de\\\/leistungen\\\/professionelle-zahnreinigung\\\/\"]}]},{\"@type\":\"ImageObject\",\"inLanguage\":\"en-GB\",\"@id\":\"https:\\\/\\\/happybite-berlin.de\\\/leistungen\\\/professionelle-zahnreinigung\\\/#primaryimage\",\"url\":\"https:\\\/\\\/happybite-berlin.de\\\/wp-content\\\/uploads\\\/2025\\\/12\\\/01_Happybite_Cleaning_Icon.webp\",\"contentUrl\":\"https:\\\/\\\/happybite-berlin.de\\\/wp-content\\\/uploads\\\/2025\\\/12\\\/01_Happybite_Cleaning_Icon.webp\"},{\"@type\":\"BreadcrumbList\",\"@id\":\"https:\\\/\\\/happybite-berlin.de\\\/leistungen\\\/professionelle-zahnreinigung\\\/#breadcrumb\",\"itemListElement\":[{\"@type\":\"ListItem\",\"position\":1,\"name\":\"Startseite\",\"item\":\"https:\\\/\\\/happybite-berlin.de\\\/\"},{\"@type\":\"ListItem\",\"position\":2,\"name\":\"Leistungen\",\"item\":\"https:\\\/\\\/happybite-berlin.de\\\/leistungen\\\/\"},{\"@type\":\"ListItem\",\"position\":3,\"name\":\"Professionelle Zahnreinigung\"}]},{\"@type\":\"WebSite\",\"@id\":\"https:\\\/\\\/happybite-berlin.de\\\/#website\",\"url\":\"https:\\\/\\\/happybite-berlin.de\\\/\",\"name\":\"happybite - love your smile\",\"description\":\"\",\"publisher\":{\"@id\":\"https:\\\/\\\/happybite-berlin.de\\\/#organization\"},\"potentialAction\":[{\"@type\":\"SearchAction\",\"target\":{\"@type\":\"EntryPoint\",\"urlTemplate\":\"https:\\\/\\\/happybite-berlin.de\\\/?s={search_term_string}\"},\"query-input\":{\"@type\":\"PropertyValueSpecification\",\"valueRequired\":true,\"valueName\":\"search_term_string\"}}],\"inLanguage\":\"en-GB\"},{\"@type\":\"Organization\",\"@id\":\"https:\\\/\\\/happybite-berlin.de\\\/#organization\",\"name\":\"happybite - love your smile\",\"url\":\"https:\\\/\\\/happybite-berlin.de\\\/\",\"logo\":{\"@type\":\"ImageObject\",\"inLanguage\":\"en-GB\",\"@id\":\"https:\\\/\\\/happybite-berlin.de\\\/#\\\/schema\\\/logo\\\/image\\\/\",\"url\":\"https:\\\/\\\/happybite-berlin.de\\\/wp-content\\\/uploads\\\/2025\\\/12\\\/favicon-happybite.png\",\"contentUrl\":\"https:\\\/\\\/happybite-berlin.de\\\/wp-content\\\/uploads\\\/2025\\\/12\\\/favicon-happybite.png\",\"width\":100,\"height\":100,\"caption\":\"happybite - love your smile\"},\"image\":{\"@id\":\"https:\\\/\\\/happybite-berlin.de\\\/#\\\/schema\\\/logo\\\/image\\\/\"}}]}<\/script>\n<!-- \/ Yoast SEO plugin. -->","yoast_head_json":{"title":"Professionelle Zahnreinigung in Berlin-Moabit | happybite","description":"Professionelle Zahnreinigung in Berlin-Moabit nahe Hauptbahnhof: PZR f\u00fcr weniger Bel\u00e4ge und gesundes Zahnfleisch \u2013 schonend und gr\u00fcndlich bei happybite.","robots":{"index":"index","follow":"follow","max-snippet":"max-snippet:-1","max-image-preview":"max-image-preview:large","max-video-preview":"max-video-preview:-1"},"canonical":"https:\/\/happybite-berlin.de\/en\/leistungen\/professionelle-zahnreinigung\/","og_locale":"en_GB","og_type":"article","og_title":"Professionelle Zahnreinigung in Berlin-Moabit | happybite","og_description":"Professionelle Zahnreinigung in Berlin-Moabit nahe Hauptbahnhof: PZR f\u00fcr weniger Bel\u00e4ge und gesundes Zahnfleisch \u2013 schonend und gr\u00fcndlich bei happybite.","og_url":"https:\/\/happybite-berlin.de\/en\/leistungen\/professionelle-zahnreinigung\/","og_site_name":"happybite Berlin","article_modified_time":"2026-02-12T18:38:25+00:00","og_image":[{"width":750,"height":750,"url":"https:\/\/happybite-berlin.de\/wp-content\/uploads\/2025\/12\/01_Happybite_Cleaning_Icon.webp","type":"image\/webp"}],"twitter_card":"summary_large_image","twitter_misc":{"Estimated reading time":"3 minutes"},"schema":{"@context":"https:\/\/schema.org","@graph":[{"@type":"WebPage","@id":"https:\/\/happybite-berlin.de\/leistungen\/professionelle-zahnreinigung\/","url":"https:\/\/happybite-berlin.de\/leistungen\/professionelle-zahnreinigung\/","name":"Professionelle Zahnreinigung in Berlin-Moabit | happybite","isPartOf":{"@id":"https:\/\/happybite-berlin.de\/#website"},"primaryImageOfPage":{"@id":"https:\/\/happybite-berlin.de\/leistungen\/professionelle-zahnreinigung\/#primaryimage"},"image":{"@id":"https:\/\/happybite-berlin.de\/leistungen\/professionelle-zahnreinigung\/#primaryimage"},"thumbnailUrl":"https:\/\/happybite-berlin.de\/wp-content\/uploads\/2025\/12\/01_Happybite_Cleaning_Icon.webp","datePublished":"2025-12-07T15:33:12+00:00","dateModified":"2026-02-12T18:38:25+00:00","description":"Professionelle Zahnreinigung in Berlin-Moabit nahe Hauptbahnhof: PZR f\u00fcr weniger Bel\u00e4ge und gesundes Zahnfleisch \u2013 schonend und gr\u00fcndlich bei happybite.","breadcrumb":{"@id":"https:\/\/happybite-berlin.de\/leistungen\/professionelle-zahnreinigung\/#breadcrumb"},"inLanguage":"en-GB","potentialAction":[{"@type":"ReadAction","target":["https:\/\/happybite-berlin.de\/leistungen\/professionelle-zahnreinigung\/"]}]},{"@type":"ImageObject","inLanguage":"en-GB","@id":"https:\/\/happybite-berlin.de\/leistungen\/professionelle-zahnreinigung\/#primaryimage","url":"https:\/\/happybite-berlin.de\/wp-content\/uploads\/2025\/12\/01_Happybite_Cleaning_Icon.webp","contentUrl":"https:\/\/happybite-berlin.de\/wp-content\/uploads\/2025\/12\/01_Happybite_Cleaning_Icon.webp"},{"@type":"BreadcrumbList","@id":"https:\/\/happybite-berlin.de\/leistungen\/professionelle-zahnreinigung\/#breadcrumb","itemListElement":[{"@type":"ListItem","position":1,"name":"Startseite","item":"https:\/\/happybite-berlin.de\/"},{"@type":"ListItem","position":2,"name":"Leistungen","item":"https:\/\/happybite-berlin.de\/leistungen\/"},{"@type":"ListItem","position":3,"name":"Professionelle Zahnreinigung"}]},{"@type":"WebSite","@id":"https:\/\/happybite-berlin.de\/#website","url":"https:\/\/happybite-berlin.de\/","name":"happybite - love your smile","description":"","publisher":{"@id":"https:\/\/happybite-berlin.de\/#organization"},"potentialAction":[{"@type":"SearchAction","target":{"@type":"EntryPoint","urlTemplate":"https:\/\/happybite-berlin.de\/?s={search_term_string}"},"query-input":{"@type":"PropertyValueSpecification","valueRequired":true,"valueName":"search_term_string"}}],"inLanguage":"en-GB"},{"@type":"Organization","@id":"https:\/\/happybite-berlin.de\/#organization","name":"happybite - love your smile","url":"https:\/\/happybite-berlin.de\/","logo":{"@type":"ImageObject","inLanguage":"en-GB","@id":"https:\/\/happybite-berlin.de\/#\/schema\/logo\/image\/","url":"https:\/\/happybite-berlin.de\/wp-content\/uploads\/2025\/12\/favicon-happybite.png","contentUrl":"https:\/\/happybite-berlin.de\/wp-content\/uploads\/2025\/12\/favicon-happybite.png","width":100,"height":100,"caption":"happybite - love your smile"},"image":{"@id":"https:\/\/happybite-berlin.de\/#\/schema\/logo\/image\/"}}]}},"_links":{"self":[{"href":"https:\/\/happybite-berlin.de\/en\/wp-json\/wp\/v2\/pages\/310","targetHints":{"allow":["GET"]}}],"collection":[{"href":"https:\/\/happybite-berlin.de\/en\/wp-json\/wp\/v2\/pages"}],"about":[{"href":"https:\/\/happybite-berlin.de\/en\/wp-json\/wp\/v2\/types\/page"}],"author":[{"embeddable":true,"href":"https:\/\/happybite-berlin.de\/en\/wp-json\/wp\/v2\/users\/1"}],"replies":[{"embeddable":true,"href":"https:\/\/happybite-berlin.de\/en\/wp-json\/wp\/v2\/comments?post=310"}],"version-history":[{"count":10,"href":"https:\/\/happybite-berlin.de\/en\/wp-json\/wp\/v2\/pages\/310\/revisions"}],"predecessor-version":[{"id":1344,"href":"https:\/\/happybite-berlin.de\/en\/wp-json\/wp\/v2\/pages\/310\/revisions\/1344"}],"up":[{"embeddable":true,"href":"https:\/\/happybite-berlin.de\/en\/wp-json\/wp\/v2\/pages\/18"}],"wp:attachment":[{"href":"https:\/\/happybite-berlin.de\/en\/wp-json\/wp\/v2\/media?parent=310"}],"curies":[{"name":"wp","href":"https:\/\/api.w.org\/{rel}","templated":true}]}}