{"id":328,"date":"2025-12-07T16:40:29","date_gmt":"2025-12-07T15:40:29","guid":{"rendered":"https:\/\/happybite-berlin.de\/?page_id=328"},"modified":"2026-02-12T19:34:01","modified_gmt":"2026-02-12T18:34:01","slug":"bleaching","status":"publish","type":"page","link":"https:\/\/happybite-berlin.de\/en\/leistungen\/bleaching\/","title":{"rendered":"Teeth whitening"},"content":{"rendered":"<div data-elementor-type=\"wp-page\" data-elementor-id=\"328\" class=\"elementor elementor-328\" data-elementor-post-type=\"page\">\n\t\t\t\t<div class=\"elementor-element elementor-element-2b61e8f e-flex e-con-boxed e-con e-parent\" data-id=\"2b61e8f\" data-element_type=\"container\" data-e-type=\"container\">\n\t\t\t\t\t<div class=\"e-con-inner\">\n\t\t<div class=\"elementor-element elementor-element-b319542 e-con-full e-flex e-con e-child\" data-id=\"b319542\" data-element_type=\"container\" data-e-type=\"container\">\n\t\t<div class=\"elementor-element elementor-element-1462979 e-con-full e-flex e-con e-child\" data-id=\"1462979\" data-element_type=\"container\" data-e-type=\"container\">\n\t\t\t\t<div class=\"elementor-element elementor-element-f2c9d79 elementor-widget elementor-widget-heading\" data-id=\"f2c9d79\" data-element_type=\"widget\" data-e-type=\"widget\" data-widget_type=\"heading.default\">\n\t\t\t\t\t<h1 class=\"elementor-heading-title elementor-size-default\">Professional teeth whitening<\/h1>\t\t\t\t<\/div>\n\t\t\t\t<div class=\"elementor-element elementor-element-16abd80 elementor-widget elementor-widget-heading\" data-id=\"16abd80\" data-element_type=\"widget\" data-e-type=\"widget\" data-widget_type=\"heading.default\">\n\t\t\t\t\t<h2 class=\"elementor-heading-title elementor-size-default\">Professional teeth whitening for a brighter smile<\/h2>\t\t\t\t<\/div>\n\t\t\t\t<\/div>\n\t\t<div class=\"elementor-element elementor-element-da48839 e-con-full e-flex e-con e-child\" data-id=\"da48839\" data-element_type=\"container\" data-e-type=\"container\">\n\t\t\t\t<div class=\"elementor-element elementor-element-c0c4cb5 elementor-widget elementor-widget-image\" data-id=\"c0c4cb5\" data-element_type=\"widget\" data-e-type=\"widget\" data-widget_type=\"image.default\">\n\t\t\t\t\t\t\t\t\t\t\t\t\t\t\t<img fetchpriority=\"high\" decoding=\"async\" width=\"750\" height=\"750\" src=\"https:\/\/happybite-berlin.de\/wp-content\/uploads\/2025\/12\/01_Happybite_Bleaching_Icon.webp\" class=\"attachment-large size-large wp-image-272\" alt=\"Bleaching\" srcset=\"https:\/\/happybite-berlin.de\/wp-content\/uploads\/2025\/12\/01_Happybite_Bleaching_Icon.webp 750w, https:\/\/happybite-berlin.de\/wp-content\/uploads\/2025\/12\/01_Happybite_Bleaching_Icon-300x300.webp 300w, https:\/\/happybite-berlin.de\/wp-content\/uploads\/2025\/12\/01_Happybite_Bleaching_Icon-150x150.webp 150w\" sizes=\"(max-width: 750px) 100vw, 750px\" \/>\t\t\t\t\t\t\t\t\t\t\t\t\t\t\t<\/div>\n\t\t\t\t<\/div>\n\t\t\t\t<\/div>\n\t\t<div class=\"elementor-element elementor-element-8f0437c e-con-full e-flex e-con e-child\" data-id=\"8f0437c\" data-element_type=\"container\" data-e-type=\"container\" data-settings=\"{&quot;background_background&quot;:&quot;classic&quot;}\">\n\t\t\t\t<div class=\"elementor-element elementor-element-9eeb9a5 elementor-widget elementor-widget-text-editor\" data-id=\"9eeb9a5\" data-element_type=\"widget\" data-e-type=\"widget\" data-widget_type=\"text-editor.default\">\n\t\t\t\t\t\t\t\t\t<p class=\"\">A bright, white smile is often associated with health, confidence, and wellbeing. If you\u2019d like to lighten your teeth safely and effectively, professional in-office teeth whitening is a reliable option. Compared with over-the-counter whitening products, dentist-supervised whitening offers more predictable results\u2014and can make a noticeable difference in a short time.<\/p>\n<p><b>What is in-office teeth whitening?<\/b><\/p>\n<p class=\"\">In-office teeth whitening is a dentist-supervised treatment that uses a professional-strength whitening gel. The gel is applied to the teeth and, depending on the system used, may be activated with a specialised light. This approach can brighten your teeth safely and quickly\u2014often in a single appointment of around 60 minutes.<\/p>\n<p><b>What happens during in-office teeth whitening<\/b><\/p>\n<ol>\n<li>\n<p class=\"\">Consultation and assessment<br>We check the health of your teeth and gums to make sure whitening is safe for you\u2014and to help achieve the best possible result.<\/p>\n<\/li>\n<li>\n<p class=\"\"><a href=\"https:\/\/happybite-berlin.de\/en\/leistungen\/professionelle-zahnreinigung\/\">Dental cleaning<\/a><br>Before whitening, we remove plaque and surface stains with a professional teeth cleaning. This helps the whitening gel work evenly and supports the best possible result.<\/p>\n<\/li>\n<li>\n<p class=\"\">The whitening itself<br>Whitening is usually carried out around a week after your professional cleaning. At the start of the appointment, we protect your gums with a special barrier to keep them safe. We then apply a professional-strength whitening gel to the teeth. Depending on the whitening system used, the gel may be activated with a specialised light to enhance the effect. After an application time of up to about 15 minutes, the gel is removed. If needed, the process can be repeated\u2014usually up to two cycles\u2014depending on how bright you\u2019d like your teeth to be.<\/p>\n<\/li>\n<\/ol>\n<p><b>Benefits of in-office teeth whitening<\/b><\/p>\n<ul>\n<li>\n<p class=\"\">Immediate results<br>A noticeable improvement in just one appointment of around 60 minutes.<\/p>\n<\/li>\n<li>\n<p class=\"\">Safe, professional treatment<br>Carried out by trained dental professionals to minimise risks and protect your teeth and gums.<\/p>\n<\/li>\n<li>\n<p class=\"\">Tailored to you<br>We can adjust the gel strength and treatment time to suit your teeth and your sensitivity.<\/p>\n<\/li>\n<li>\n<p class=\"\">Long-lasting results<br>With good oral care, your teeth can stay brighter for a long time.<\/p>\n<\/li>\n<\/ul>\n<p><b>Potential side effects<\/b><\/p>\n<p class=\"\">After whitening, your teeth may be temporarily more sensitive to hot and cold. This sensitivity can usually be managed with the Tooth Mousse we provide and typically settles within a few days. In rare cases, you may also notice mild gum irritation, which generally disappears quickly.<\/p>\n<p class=\"sqsrte-large\"><span class=\"sqsrte-text-highlight\" data-text-attribute-id=\"55b64167-b7a0-4386-aa83-d073b165e222\"><b>Aftercare tips<\/b><\/span><\/p>\n<ul>\n<li>\n<p class=\"\">Avoid strongly staining foods and drinks (such as coffee, tea, or red wine) for at least 72 hours after whitening\u2014often called a \u201cwhite diet\u201d.<\/p>\n<\/li>\n<li>\n<p class=\"\">Maintain good daily oral hygiene and use a fluoride toothpaste to help strengthen enamel.<\/p>\n<\/li>\n<li>\n<p class=\"\"><a href=\"https:\/\/happybite-berlin.de\/en\/leistungen\/kontrolluntersuchung\/\">routine check-ups<\/a> help maintain your whitening results over time.<\/p>\n<\/li>\n<\/ul>\n<p><b>Conclusion<\/b><\/p>\n<p class=\"\">In-office teeth whitening is a safe, effective way to brighten your teeth professionally. With dentist supervision, you can achieve fast results that can last - especially with good aftercare.<\/p>\n<p class=\"\">Schedule an appointment with us for a free consultation and enjoy your pearly whites shinier than ever!<\/p>\t\t\t\t\t\t\t\t<\/div>\n\t\t\t\t<div class=\"elementor-element elementor-element-c5c21c5 elementor-align-center elementor-widget elementor-widget-button\" data-id=\"c5c21c5\" data-element_type=\"widget\" data-e-type=\"widget\" data-widget_type=\"button.default\">\n\t\t\t\t\t\t\t\t\t\t<a class=\"elementor-button elementor-button-link elementor-size-sm\" href=\"https:\/\/www.doctolib.de\/zmvz-zahnmedizinisches-versorgungszentrum\/berlin\/where-the-dentists-are\/booking\/practitioners?specialityId=1285&#038;telehealth=false&#038;placeId=practice-328076&#038;motiveIds%5B%5D=6586141&#038;source=deep_link\" target=\"_blank\">\n\t\t\t\t\t\t<span class=\"elementor-button-content-wrapper\">\n\t\t\t\t\t\t\t\t\t<span class=\"elementor-button-text\">Book appointment now<\/span>\n\t\t\t\t\t<\/span>\n\t\t\t\t\t<\/a>\n\t\t\t\t\t\t\t\t<\/div>\n\t\t\t\t<\/div>\n\t\t\t\t\t<\/div>\n\t\t\t\t<\/div>\n\t\t\t\t<\/div>","protected":false},"excerpt":{"rendered":"<p>Professionelles Bleaching Zahn\u00e4rztliches Bleaching f\u00fcr strahlende Z\u00e4hne Ein strahlend wei\u00dfes L\u00e4cheln steht f\u00fcr Gesundheit, Sch\u00f6nheit und Selbstbewusstsein. Wer seine Z\u00e4hne [&hellip;]<\/p>\n","protected":false},"author":1,"featured_media":0,"parent":18,"menu_order":0,"comment_status":"closed","ping_status":"closed","template":"elementor_header_footer","meta":{"site-sidebar-layout":"no-sidebar","site-content-layout":"","ast-site-content-layout":"full-width-container","site-content-style":"default","site-sidebar-style":"default","ast-global-header-display":"","ast-banner-title-visibility":"","ast-main-header-display":"","ast-hfb-above-header-display":"","ast-hfb-below-header-display":"","ast-hfb-mobile-header-display":"","site-post-title":"","ast-breadcrumbs-content":"","ast-featured-img":"disabled","footer-sml-layout":"","ast-disable-related-posts":"","theme-transparent-header-meta":"","adv-header-id-meta":"","stick-header-meta":"","header-above-stick-meta":"","header-main-stick-meta":"","header-below-stick-meta":"","astra-migrate-meta-layouts":"default","ast-page-background-enabled":"default","ast-page-background-meta":{"desktop":{"background-color":"var(--ast-global-color-5)","background-image":"","background-repeat":"repeat","background-position":"center center","background-size":"auto","background-attachment":"scroll","background-type":"","background-media":"","overlay-type":"","overlay-color":"","overlay-opacity":"","overlay-gradient":""},"tablet":{"background-color":"","background-image":"","background-repeat":"repeat","background-position":"center center","background-size":"auto","background-attachment":"scroll","background-type":"","background-media":"","overlay-type":"","overlay-color":"","overlay-opacity":"","overlay-gradient":""},"mobile":{"background-color":"","background-image":"","background-repeat":"repeat","background-position":"center center","background-size":"auto","background-attachment":"scroll","background-type":"","background-media":"","overlay-type":"","overlay-color":"","overlay-opacity":"","overlay-gradient":""}},"ast-content-background-meta":{"desktop":{"background-color":"var(--ast-global-color-4)","background-image":"","background-repeat":"repeat","background-position":"center center","background-size":"auto","background-attachment":"scroll","background-type":"","background-media":"","overlay-type":"","overlay-color":"","overlay-opacity":"","overlay-gradient":""},"tablet":{"background-color":"var(--ast-global-color-4)","background-image":"","background-repeat":"repeat","background-position":"center center","background-size":"auto","background-attachment":"scroll","background-type":"","background-media":"","overlay-type":"","overlay-color":"","overlay-opacity":"","overlay-gradient":""},"mobile":{"background-color":"var(--ast-global-color-4)","background-image":"","background-repeat":"repeat","background-position":"center center","background-size":"auto","background-attachment":"scroll","background-type":"","background-media":"","overlay-type":"","overlay-color":"","overlay-opacity":"","overlay-gradient":""}},"footnotes":""},"class_list":["post-328","page","type-page","status-publish","hentry"],"yoast_head":"<!-- This site is optimized with the Yoast SEO plugin v27.5 - https:\/\/yoast.com\/product\/yoast-seo-wordpress\/ -->\n<title>Zahnbleaching in Berlin-Moabit nahe Hauptbahnhof | happybite<\/title>\n<meta name=\"description\" content=\"Bleaching bei happybite in Berlin-Moabit nahe Hauptbahnhof: professionelle Zahnaufhellung f\u00fcr sichtbar hellere Z\u00e4hne \u2013 schonend, kontrolliert.\" \/>\n<meta name=\"robots\" content=\"index, follow, max-snippet:-1, max-image-preview:large, max-video-preview:-1\" \/>\n<link rel=\"canonical\" href=\"https:\/\/happybite-berlin.de\/en\/leistungen\/bleaching\/\" \/>\n<meta property=\"og:locale\" content=\"en_GB\" \/>\n<meta property=\"og:type\" content=\"article\" \/>\n<meta property=\"og:title\" content=\"Zahnbleaching in Berlin-Moabit nahe Hauptbahnhof | happybite\" \/>\n<meta property=\"og:description\" content=\"Bleaching bei happybite in Berlin-Moabit nahe Hauptbahnhof: professionelle Zahnaufhellung f\u00fcr sichtbar hellere Z\u00e4hne \u2013 schonend, kontrolliert.\" \/>\n<meta property=\"og:url\" content=\"https:\/\/happybite-berlin.de\/en\/leistungen\/bleaching\/\" \/>\n<meta property=\"og:site_name\" content=\"happybite Berlin\" \/>\n<meta property=\"article:modified_time\" content=\"2026-02-12T18:34:01+00:00\" \/>\n<meta property=\"og:image\" content=\"https:\/\/happybite-berlin.de\/wp-content\/uploads\/2025\/12\/01_Happybite_Bleaching_Icon.webp\" \/>\n\t<meta property=\"og:image:width\" content=\"750\" \/>\n\t<meta property=\"og:image:height\" content=\"750\" \/>\n\t<meta property=\"og:image:type\" content=\"image\/webp\" \/>\n<meta name=\"twitter:card\" content=\"summary_large_image\" \/>\n<script type=\"application\/ld+json\" class=\"yoast-schema-graph\">{\"@context\":\"https:\\\/\\\/schema.org\",\"@graph\":[{\"@type\":\"WebPage\",\"@id\":\"https:\\\/\\\/happybite-berlin.de\\\/leistungen\\\/bleaching\\\/\",\"url\":\"https:\\\/\\\/happybite-berlin.de\\\/leistungen\\\/bleaching\\\/\",\"name\":\"Zahnbleaching in Berlin-Moabit nahe Hauptbahnhof | happybite\",\"isPartOf\":{\"@id\":\"https:\\\/\\\/happybite-berlin.de\\\/#website\"},\"primaryImageOfPage\":{\"@id\":\"https:\\\/\\\/happybite-berlin.de\\\/leistungen\\\/bleaching\\\/#primaryimage\"},\"image\":{\"@id\":\"https:\\\/\\\/happybite-berlin.de\\\/leistungen\\\/bleaching\\\/#primaryimage\"},\"thumbnailUrl\":\"https:\\\/\\\/happybite-berlin.de\\\/wp-content\\\/uploads\\\/2025\\\/12\\\/01_Happybite_Bleaching_Icon.webp\",\"datePublished\":\"2025-12-07T15:40:29+00:00\",\"dateModified\":\"2026-02-12T18:34:01+00:00\",\"description\":\"Bleaching bei happybite in Berlin-Moabit nahe Hauptbahnhof: professionelle Zahnaufhellung f\u00fcr sichtbar hellere Z\u00e4hne \u2013 schonend, kontrolliert.\",\"breadcrumb\":{\"@id\":\"https:\\\/\\\/happybite-berlin.de\\\/leistungen\\\/bleaching\\\/#breadcrumb\"},\"inLanguage\":\"en-GB\",\"potentialAction\":[{\"@type\":\"ReadAction\",\"target\":[\"https:\\\/\\\/happybite-berlin.de\\\/leistungen\\\/bleaching\\\/\"]}]},{\"@type\":\"ImageObject\",\"inLanguage\":\"en-GB\",\"@id\":\"https:\\\/\\\/happybite-berlin.de\\\/leistungen\\\/bleaching\\\/#primaryimage\",\"url\":\"https:\\\/\\\/happybite-berlin.de\\\/wp-content\\\/uploads\\\/2025\\\/12\\\/01_Happybite_Bleaching_Icon.webp\",\"contentUrl\":\"https:\\\/\\\/happybite-berlin.de\\\/wp-content\\\/uploads\\\/2025\\\/12\\\/01_Happybite_Bleaching_Icon.webp\"},{\"@type\":\"BreadcrumbList\",\"@id\":\"https:\\\/\\\/happybite-berlin.de\\\/leistungen\\\/bleaching\\\/#breadcrumb\",\"itemListElement\":[{\"@type\":\"ListItem\",\"position\":1,\"name\":\"Startseite\",\"item\":\"https:\\\/\\\/happybite-berlin.de\\\/\"},{\"@type\":\"ListItem\",\"position\":2,\"name\":\"Leistungen\",\"item\":\"https:\\\/\\\/happybite-berlin.de\\\/leistungen\\\/\"},{\"@type\":\"ListItem\",\"position\":3,\"name\":\"Bleaching\"}]},{\"@type\":\"WebSite\",\"@id\":\"https:\\\/\\\/happybite-berlin.de\\\/#website\",\"url\":\"https:\\\/\\\/happybite-berlin.de\\\/\",\"name\":\"happybite - love your smile\",\"description\":\"\",\"publisher\":{\"@id\":\"https:\\\/\\\/happybite-berlin.de\\\/#organization\"},\"potentialAction\":[{\"@type\":\"SearchAction\",\"target\":{\"@type\":\"EntryPoint\",\"urlTemplate\":\"https:\\\/\\\/happybite-berlin.de\\\/?s={search_term_string}\"},\"query-input\":{\"@type\":\"PropertyValueSpecification\",\"valueRequired\":true,\"valueName\":\"search_term_string\"}}],\"inLanguage\":\"en-GB\"},{\"@type\":\"Organization\",\"@id\":\"https:\\\/\\\/happybite-berlin.de\\\/#organization\",\"name\":\"happybite - love your smile\",\"url\":\"https:\\\/\\\/happybite-berlin.de\\\/\",\"logo\":{\"@type\":\"ImageObject\",\"inLanguage\":\"en-GB\",\"@id\":\"https:\\\/\\\/happybite-berlin.de\\\/#\\\/schema\\\/logo\\\/image\\\/\",\"url\":\"https:\\\/\\\/happybite-berlin.de\\\/wp-content\\\/uploads\\\/2025\\\/12\\\/favicon-happybite.png\",\"contentUrl\":\"https:\\\/\\\/happybite-berlin.de\\\/wp-content\\\/uploads\\\/2025\\\/12\\\/favicon-happybite.png\",\"width\":100,\"height\":100,\"caption\":\"happybite - love your smile\"},\"image\":{\"@id\":\"https:\\\/\\\/happybite-berlin.de\\\/#\\\/schema\\\/logo\\\/image\\\/\"}}]}<\/script>\n<!-- \/ Yoast SEO plugin. -->","yoast_head_json":{"title":"Zahnbleaching in Berlin-Moabit nahe Hauptbahnhof | happybite","description":"Bleaching bei happybite in Berlin-Moabit nahe Hauptbahnhof: professionelle Zahnaufhellung f\u00fcr sichtbar hellere Z\u00e4hne \u2013 schonend, kontrolliert.","robots":{"index":"index","follow":"follow","max-snippet":"max-snippet:-1","max-image-preview":"max-image-preview:large","max-video-preview":"max-video-preview:-1"},"canonical":"https:\/\/happybite-berlin.de\/en\/leistungen\/bleaching\/","og_locale":"en_GB","og_type":"article","og_title":"Zahnbleaching in Berlin-Moabit nahe Hauptbahnhof | happybite","og_description":"Bleaching bei happybite in Berlin-Moabit nahe Hauptbahnhof: professionelle Zahnaufhellung f\u00fcr sichtbar hellere Z\u00e4hne \u2013 schonend, kontrolliert.","og_url":"https:\/\/happybite-berlin.de\/en\/leistungen\/bleaching\/","og_site_name":"happybite Berlin","article_modified_time":"2026-02-12T18:34:01+00:00","og_image":[{"width":750,"height":750,"url":"https:\/\/happybite-berlin.de\/wp-content\/uploads\/2025\/12\/01_Happybite_Bleaching_Icon.webp","type":"image\/webp"}],"twitter_card":"summary_large_image","schema":{"@context":"https:\/\/schema.org","@graph":[{"@type":"WebPage","@id":"https:\/\/happybite-berlin.de\/leistungen\/bleaching\/","url":"https:\/\/happybite-berlin.de\/leistungen\/bleaching\/","name":"Zahnbleaching in Berlin-Moabit nahe Hauptbahnhof | happybite","isPartOf":{"@id":"https:\/\/happybite-berlin.de\/#website"},"primaryImageOfPage":{"@id":"https:\/\/happybite-berlin.de\/leistungen\/bleaching\/#primaryimage"},"image":{"@id":"https:\/\/happybite-berlin.de\/leistungen\/bleaching\/#primaryimage"},"thumbnailUrl":"https:\/\/happybite-berlin.de\/wp-content\/uploads\/2025\/12\/01_Happybite_Bleaching_Icon.webp","datePublished":"2025-12-07T15:40:29+00:00","dateModified":"2026-02-12T18:34:01+00:00","description":"Bleaching bei happybite in Berlin-Moabit nahe Hauptbahnhof: professionelle Zahnaufhellung f\u00fcr sichtbar hellere Z\u00e4hne \u2013 schonend, kontrolliert.","breadcrumb":{"@id":"https:\/\/happybite-berlin.de\/leistungen\/bleaching\/#breadcrumb"},"inLanguage":"en-GB","potentialAction":[{"@type":"ReadAction","target":["https:\/\/happybite-berlin.de\/leistungen\/bleaching\/"]}]},{"@type":"ImageObject","inLanguage":"en-GB","@id":"https:\/\/happybite-berlin.de\/leistungen\/bleaching\/#primaryimage","url":"https:\/\/happybite-berlin.de\/wp-content\/uploads\/2025\/12\/01_Happybite_Bleaching_Icon.webp","contentUrl":"https:\/\/happybite-berlin.de\/wp-content\/uploads\/2025\/12\/01_Happybite_Bleaching_Icon.webp"},{"@type":"BreadcrumbList","@id":"https:\/\/happybite-berlin.de\/leistungen\/bleaching\/#breadcrumb","itemListElement":[{"@type":"ListItem","position":1,"name":"Startseite","item":"https:\/\/happybite-berlin.de\/"},{"@type":"ListItem","position":2,"name":"Leistungen","item":"https:\/\/happybite-berlin.de\/leistungen\/"},{"@type":"ListItem","position":3,"name":"Bleaching"}]},{"@type":"WebSite","@id":"https:\/\/happybite-berlin.de\/#website","url":"https:\/\/happybite-berlin.de\/","name":"happybite - love your smile","description":"","publisher":{"@id":"https:\/\/happybite-berlin.de\/#organization"},"potentialAction":[{"@type":"SearchAction","target":{"@type":"EntryPoint","urlTemplate":"https:\/\/happybite-berlin.de\/?s={search_term_string}"},"query-input":{"@type":"PropertyValueSpecification","valueRequired":true,"valueName":"search_term_string"}}],"inLanguage":"en-GB"},{"@type":"Organization","@id":"https:\/\/happybite-berlin.de\/#organization","name":"happybite - love your smile","url":"https:\/\/happybite-berlin.de\/","logo":{"@type":"ImageObject","inLanguage":"en-GB","@id":"https:\/\/happybite-berlin.de\/#\/schema\/logo\/image\/","url":"https:\/\/happybite-berlin.de\/wp-content\/uploads\/2025\/12\/favicon-happybite.png","contentUrl":"https:\/\/happybite-berlin.de\/wp-content\/uploads\/2025\/12\/favicon-happybite.png","width":100,"height":100,"caption":"happybite - love your smile"},"image":{"@id":"https:\/\/happybite-berlin.de\/#\/schema\/logo\/image\/"}}]}},"_links":{"self":[{"href":"https:\/\/happybite-berlin.de\/en\/wp-json\/wp\/v2\/pages\/328","targetHints":{"allow":["GET"]}}],"collection":[{"href":"https:\/\/happybite-berlin.de\/en\/wp-json\/wp\/v2\/pages"}],"about":[{"href":"https:\/\/happybite-berlin.de\/en\/wp-json\/wp\/v2\/types\/page"}],"author":[{"embeddable":true,"href":"https:\/\/happybite-berlin.de\/en\/wp-json\/wp\/v2\/users\/1"}],"replies":[{"embeddable":true,"href":"https:\/\/happybite-berlin.de\/en\/wp-json\/wp\/v2\/comments?post=328"}],"version-history":[{"count":10,"href":"https:\/\/happybite-berlin.de\/en\/wp-json\/wp\/v2\/pages\/328\/revisions"}],"predecessor-version":[{"id":1320,"href":"https:\/\/happybite-berlin.de\/en\/wp-json\/wp\/v2\/pages\/328\/revisions\/1320"}],"up":[{"embeddable":true,"href":"https:\/\/happybite-berlin.de\/en\/wp-json\/wp\/v2\/pages\/18"}],"wp:attachment":[{"href":"https:\/\/happybite-berlin.de\/en\/wp-json\/wp\/v2\/media?parent=328"}],"curies":[{"name":"wp","href":"https:\/\/api.w.org\/{rel}","templated":true}]}}