{"id":338,"date":"2025-12-07T16:45:01","date_gmt":"2025-12-07T15:45:01","guid":{"rendered":"https:\/\/happybite-berlin.de\/?page_id=338"},"modified":"2026-03-09T15:33:47","modified_gmt":"2026-03-09T14:33:47","slug":"zahnersatz","status":"publish","type":"page","link":"https:\/\/happybite-berlin.de\/en\/leistungen\/zahnersatz\/","title":{"rendered":"Dental prosthesis"},"content":{"rendered":"<div data-elementor-type=\"wp-page\" data-elementor-id=\"338\" class=\"elementor elementor-338\" data-elementor-post-type=\"page\">\n\t\t\t\t<div class=\"elementor-element elementor-element-e007ef3 e-flex e-con-boxed e-con e-parent\" data-id=\"e007ef3\" data-element_type=\"container\" data-e-type=\"container\">\n\t\t\t\t\t<div class=\"e-con-inner\">\n\t\t<div class=\"elementor-element elementor-element-19841d3 e-con-full e-flex e-con e-child\" data-id=\"19841d3\" data-element_type=\"container\" data-e-type=\"container\">\n\t\t<div class=\"elementor-element elementor-element-d9835e3 e-con-full e-flex e-con e-child\" data-id=\"d9835e3\" data-element_type=\"container\" data-e-type=\"container\">\n\t\t\t\t<div class=\"elementor-element elementor-element-5ff7c42 elementor-widget elementor-widget-heading\" data-id=\"5ff7c42\" data-element_type=\"widget\" data-e-type=\"widget\" data-widget_type=\"heading.default\">\n\t\t\t\t\t<h1 class=\"elementor-heading-title elementor-size-default\">Dental prosthesis from our local lab<\/h1>\t\t\t\t<\/div>\n\t\t\t\t<div class=\"elementor-element elementor-element-a576a64 elementor-widget elementor-widget-heading\" data-id=\"a576a64\" data-element_type=\"widget\" data-e-type=\"widget\" data-widget_type=\"heading.default\">\n\t\t\t\t\t<h2 class=\"elementor-heading-title elementor-size-default\">Crowns, bridges and dentures that just fit<\/h2>\t\t\t\t<\/div>\n\t\t\t\t<\/div>\n\t\t<div class=\"elementor-element elementor-element-6598161 e-con-full e-flex e-con e-child\" data-id=\"6598161\" data-element_type=\"container\" data-e-type=\"container\">\n\t\t\t\t<div class=\"elementor-element elementor-element-cd27ed0 elementor-widget elementor-widget-image\" data-id=\"cd27ed0\" data-element_type=\"widget\" data-e-type=\"widget\" data-widget_type=\"image.default\">\n\t\t\t\t\t\t\t\t\t\t\t\t\t\t\t<img fetchpriority=\"high\" decoding=\"async\" width=\"750\" height=\"750\" src=\"https:\/\/happybite-berlin.de\/wp-content\/uploads\/2025\/12\/01_Happybite_Crown_Icon.webp\" class=\"attachment-large size-large wp-image-277\" alt=\"Zahnersatz\" srcset=\"https:\/\/happybite-berlin.de\/wp-content\/uploads\/2025\/12\/01_Happybite_Crown_Icon.webp 750w, https:\/\/happybite-berlin.de\/wp-content\/uploads\/2025\/12\/01_Happybite_Crown_Icon-300x300.webp 300w, https:\/\/happybite-berlin.de\/wp-content\/uploads\/2025\/12\/01_Happybite_Crown_Icon-150x150.webp 150w\" sizes=\"(max-width: 750px) 100vw, 750px\" \/>\t\t\t\t\t\t\t\t\t\t\t\t\t\t\t<\/div>\n\t\t\t\t<\/div>\n\t\t\t\t<\/div>\n\t\t<div class=\"elementor-element elementor-element-9e5d257 e-con-full e-flex e-con e-child\" data-id=\"9e5d257\" data-element_type=\"container\" data-e-type=\"container\" data-settings=\"{&quot;background_background&quot;:&quot;classic&quot;}\">\n\t\t\t\t<div class=\"elementor-element elementor-element-756b5d6 elementor-widget elementor-widget-text-editor\" data-id=\"756b5d6\" data-element_type=\"widget\" data-e-type=\"widget\" data-widget_type=\"text-editor.default\">\n\t\t\t\t\t\t\t\t\t<p class=\"\">A complete and well-functioning set of teeth is about far more than appearance\u2014it\u2019s essential for everyday life. Your teeth play a key role in chewing, speaking, and keeping the jaw joints and facial muscles in balance. If one or more teeth are missing, it can affect confidence when smiling, but it can also lead to real functional issues over time.<\/p><p class=\"\">Tooth loss, whether it\u2019s age-related, caused by tooth decay, gum disease (periodontitis), or an accident, should ideally be treated promptly and with care. High-quality dental restorations can help restore natural function and appearance, and they play an important role in long-term oral health and overall wellbeing.<\/p><p><b>What is a dental prosthesis and what types of dental restorations are available?<\/b><\/p><p class=\"\">Depending on your starting point, how many teeth are missing, and your personal needs, there are different restoration options available. Broadly speaking, dental restorations fall into two categories: fixed and removable.<\/p><ul><li><p class=\"\">Crowns:<br \/>Crowns are used when a tooth is badly damaged but can still be saved. They cover the tooth like a protective cap, helping to strengthen and stabilise it for the long term.<\/p><\/li><li><p class=\"\">Bridges:<br \/>Bridges are used when one or more teeth are missing. They are anchored to neighbouring healthy teeth or to dental implants and are designed to close the gap securely and long term.<\/p><\/li><li><p class=\"\"><a href=\"https:\/\/happybite-berlin.de\/en\/leistungen\/implantate\/\">Dental implants<\/a>:<br \/>Dental implants are artificial tooth roots\u2014usually made from titanium or ceramic\u2014that are securely anchored in the jawbone. They provide a very stable foundation for crowns, bridges, or dentures and can feel very close to natural teeth.<\/p><\/li><li><p class=\"\">Partial denture:<br \/>These removable dentures can be a good option when several teeth are missing. They are held in place with clasps or other specialised retention elements to keep them secure and comfortable.<\/p><\/li><li><p class=\"\">Dentures:<br \/>If all teeth are missing in the upper or lower jaw, a full denture can replace the entire row of teeth. Today, full dentures can also be combined with dental implants for a more secure fit and improved comfort.<\/p><\/li><\/ul><p><b>What happens during dental restoration treatment<\/b><\/p><ol><li><p class=\"\">Consultation and diagnosis:<br \/>The first step is a thorough assessment of your teeth and jaw. Your dentist will talk through the findings with you and help you choose the restoration option that best fits your situation and goals.<\/p><\/li><li><p class=\"\">Preparation:<br \/>If any preparatory treatment is needed\u2014such as removing teeth that can\u2019t be saved or building up the jawbone\u2014we plan it carefully and carry it out in a structured, step-by-step way.<\/p><\/li><li><p class=\"\">Making and fitting your restoration:<br \/>Using modern digital techniques (for example <a href=\"https:\/\/happybite-berlin.de\/en\/leistungen\/intraoralscanner\/\">Intraoral scanners<\/a>) a precise impression is taken. Based on this data, your dental restoration is custom made in a local lab. It is then placed and individually adjusted for an optimal fit.<\/p><\/li><li><p class=\"\">Aftercare:<br \/>Regular check-ups help ensure your restoration continues to fit well over the long term and that any issues are picked up early. We\u2019ll also show you how to care for it properly at home.<\/p><\/li><\/ol><p><b>Benefits of high-quality dental restorations<\/b><\/p><ul><li><p class=\"\">Restoring chewing function: You can enjoy eating again \u2014 and speak and smile with confidence.<\/p><\/li><li><p class=\"\">A natural look: Your restoration is matched carefully to the colour and shape of your natural teeth, so it blends in beautifully.<\/p><\/li><li><p class=\"\">Built to last: With high-quality materials and good care, restorations can stay reliable for many years.<\/p><\/li><li><p class=\"translation-block\">Helping protect the jawbone: Dental implants, in particular, can help maintain jawbone volume over the long term.<\/p><\/li><li><p class=\"\">Protecting neighbouring teeth: Modern restoration options can often avoid unnecessary preparation of healthy teeth.<\/p><\/li><\/ul><p><b>Care and aftercare<\/b><\/p><p class=\"\">How long your restoration lasts \u2014 and how well it functions \u2014 depends a lot on proper care:<\/p><ul><li><p class=\"\">Daily cleaning: Special toothbrushes, interdental brushes, and suitable cleaning products can help you clean hard-to-reach areas thoroughly.<\/p><\/li><li><p class=\"translation-block\"><a href=\"https:\/\/happybite-berlin.de\/en\/leistungen\/professionelle-zahnreinigung\/\" target=\"_self\">Professional teeth cleaning<\/a>: Regular professional cleanings remove stubborn build-up\u2014even around implants and along the edges of dentures.<\/p><\/li><li><p class=\"translation-block\"><a href=\"https:\/\/happybite-berlin.de\/en\/leistungen\/kontrolluntersuchung\/\" target=\"_self\">Routine check-ups<\/a>: Our dentists regularly check the fit and condition of your restoration and make adjustments if needed.<\/p><\/li><\/ul><p><b>Conclusion<\/b><\/p><p class=\"\">A custom-made dental restoration today is about much more than simply replacing a missing tooth\u2014it can bring back comfort, confidence, and quality of life. With modern digital techniques, lifelike materials, and precise craftsmanship, restorations can look and feel so natural that they\u2019re often hard to tell apart from real teeth. If you\u2019d like to explore your options, we\u2019ll be happy to advise you in detail and help you find the solution that truly fits you.<\/p>\t\t\t\t\t\t\t\t<\/div>\n\t\t\t\t<div class=\"elementor-element elementor-element-a41361f elementor-align-center elementor-widget elementor-widget-button\" data-id=\"a41361f\" data-element_type=\"widget\" data-e-type=\"widget\" data-widget_type=\"button.default\">\n\t\t\t\t\t\t\t\t\t\t<a class=\"elementor-button elementor-button-link elementor-size-sm\" href=\"https:\/\/www.doctolib.de\/zmvz-zahnmedizinisches-versorgungszentrum\/berlin\/where-the-dentists-are\/booking\/practitioners?specialityId=1285&#038;telehealth=false&#038;placeId=practice-328076&#038;motiveIds%5B%5D=6574148&#038;source=deep_link\" target=\"_blank\">\n\t\t\t\t\t\t<span class=\"elementor-button-content-wrapper\">\n\t\t\t\t\t\t\t\t\t<span class=\"elementor-button-text\">Book appointment now<\/span>\n\t\t\t\t\t<\/span>\n\t\t\t\t\t<\/a>\n\t\t\t\t\t\t\t\t<\/div>\n\t\t\t\t<\/div>\n\t\t\t\t\t<\/div>\n\t\t\t\t<\/div>\n\t\t\t\t<\/div>","protected":false},"excerpt":{"rendered":"<p>Zahnersatz aus deutschem Meisterlabor Kronen, Br\u00fccken &amp; Prothesen die sitzen Ein vollst\u00e4ndiges und funktionst\u00fcchtiges Gebiss ist weit mehr als nur [&hellip;]<\/p>\n","protected":false},"author":1,"featured_media":0,"parent":18,"menu_order":0,"comment_status":"closed","ping_status":"closed","template":"elementor_header_footer","meta":{"site-sidebar-layout":"no-sidebar","site-content-layout":"","ast-site-content-layout":"full-width-container","site-content-style":"default","site-sidebar-style":"default","ast-global-header-display":"","ast-banner-title-visibility":"","ast-main-header-display":"","ast-hfb-above-header-display":"","ast-hfb-below-header-display":"","ast-hfb-mobile-header-display":"","site-post-title":"","ast-breadcrumbs-content":"","ast-featured-img":"disabled","footer-sml-layout":"","ast-disable-related-posts":"","theme-transparent-header-meta":"","adv-header-id-meta":"","stick-header-meta":"","header-above-stick-meta":"","header-main-stick-meta":"","header-below-stick-meta":"","astra-migrate-meta-layouts":"default","ast-page-background-enabled":"default","ast-page-background-meta":{"desktop":{"background-color":"var(--ast-global-color-5)","background-image":"","background-repeat":"repeat","background-position":"center center","background-size":"auto","background-attachment":"scroll","background-type":"","background-media":"","overlay-type":"","overlay-color":"","overlay-opacity":"","overlay-gradient":""},"tablet":{"background-color":"","background-image":"","background-repeat":"repeat","background-position":"center center","background-size":"auto","background-attachment":"scroll","background-type":"","background-media":"","overlay-type":"","overlay-color":"","overlay-opacity":"","overlay-gradient":""},"mobile":{"background-color":"","background-image":"","background-repeat":"repeat","background-position":"center center","background-size":"auto","background-attachment":"scroll","background-type":"","background-media":"","overlay-type":"","overlay-color":"","overlay-opacity":"","overlay-gradient":""}},"ast-content-background-meta":{"desktop":{"background-color":"var(--ast-global-color-4)","background-image":"","background-repeat":"repeat","background-position":"center center","background-size":"auto","background-attachment":"scroll","background-type":"","background-media":"","overlay-type":"","overlay-color":"","overlay-opacity":"","overlay-gradient":""},"tablet":{"background-color":"var(--ast-global-color-4)","background-image":"","background-repeat":"repeat","background-position":"center center","background-size":"auto","background-attachment":"scroll","background-type":"","background-media":"","overlay-type":"","overlay-color":"","overlay-opacity":"","overlay-gradient":""},"mobile":{"background-color":"var(--ast-global-color-4)","background-image":"","background-repeat":"repeat","background-position":"center center","background-size":"auto","background-attachment":"scroll","background-type":"","background-media":"","overlay-type":"","overlay-color":"","overlay-opacity":"","overlay-gradient":""}},"footnotes":""},"class_list":["post-338","page","type-page","status-publish","hentry"],"yoast_head":"<!-- This site is optimized with the Yoast SEO plugin v27.5 - https:\/\/yoast.com\/product\/yoast-seo-wordpress\/ -->\n<title>Zahnersatz in Berlin-Moabit nahe Hauptbahnhof | happybite<\/title>\n<meta name=\"description\" content=\"Zahnersatz in Berlin-Moabit nahe Hauptbahnhof: Kronen, Br\u00fccken und Inlays \u2013 pr\u00e4zise geplant, hochwertig gefertigt und transparent beraten bei happybite.\" \/>\n<meta name=\"robots\" content=\"index, follow, max-snippet:-1, max-image-preview:large, max-video-preview:-1\" \/>\n<link rel=\"canonical\" href=\"https:\/\/happybite-berlin.de\/en\/leistungen\/zahnersatz\/\" \/>\n<meta property=\"og:locale\" content=\"en_GB\" \/>\n<meta property=\"og:type\" content=\"article\" \/>\n<meta property=\"og:title\" content=\"Zahnersatz in Berlin-Moabit nahe Hauptbahnhof | happybite\" \/>\n<meta property=\"og:description\" content=\"Zahnersatz in Berlin-Moabit nahe Hauptbahnhof: Kronen, Br\u00fccken und Inlays \u2013 pr\u00e4zise geplant, hochwertig gefertigt und transparent beraten bei happybite.\" \/>\n<meta property=\"og:url\" content=\"https:\/\/happybite-berlin.de\/en\/leistungen\/zahnersatz\/\" \/>\n<meta property=\"og:site_name\" content=\"happybite Berlin\" \/>\n<meta property=\"article:modified_time\" content=\"2026-03-09T14:33:47+00:00\" \/>\n<meta property=\"og:image\" content=\"https:\/\/happybite-berlin.de\/wp-content\/uploads\/2025\/12\/01_Happybite_Crown_Icon.webp\" \/>\n\t<meta property=\"og:image:width\" content=\"750\" \/>\n\t<meta property=\"og:image:height\" content=\"750\" \/>\n\t<meta property=\"og:image:type\" content=\"image\/webp\" \/>\n<meta name=\"twitter:card\" content=\"summary_large_image\" \/>\n<meta name=\"twitter:label1\" content=\"Estimated reading time\" \/>\n\t<meta name=\"twitter:data1\" content=\"4 minutes\" \/>\n<script type=\"application\/ld+json\" class=\"yoast-schema-graph\">{\"@context\":\"https:\\\/\\\/schema.org\",\"@graph\":[{\"@type\":\"WebPage\",\"@id\":\"https:\\\/\\\/happybite-berlin.de\\\/leistungen\\\/zahnersatz\\\/\",\"url\":\"https:\\\/\\\/happybite-berlin.de\\\/leistungen\\\/zahnersatz\\\/\",\"name\":\"Zahnersatz in Berlin-Moabit nahe Hauptbahnhof | happybite\",\"isPartOf\":{\"@id\":\"https:\\\/\\\/happybite-berlin.de\\\/#website\"},\"primaryImageOfPage\":{\"@id\":\"https:\\\/\\\/happybite-berlin.de\\\/leistungen\\\/zahnersatz\\\/#primaryimage\"},\"image\":{\"@id\":\"https:\\\/\\\/happybite-berlin.de\\\/leistungen\\\/zahnersatz\\\/#primaryimage\"},\"thumbnailUrl\":\"https:\\\/\\\/happybite-berlin.de\\\/wp-content\\\/uploads\\\/2025\\\/12\\\/01_Happybite_Crown_Icon.webp\",\"datePublished\":\"2025-12-07T15:45:01+00:00\",\"dateModified\":\"2026-03-09T14:33:47+00:00\",\"description\":\"Zahnersatz in Berlin-Moabit nahe Hauptbahnhof: Kronen, Br\u00fccken und Inlays \u2013 pr\u00e4zise geplant, hochwertig gefertigt und transparent beraten bei happybite.\",\"breadcrumb\":{\"@id\":\"https:\\\/\\\/happybite-berlin.de\\\/leistungen\\\/zahnersatz\\\/#breadcrumb\"},\"inLanguage\":\"en-GB\",\"potentialAction\":[{\"@type\":\"ReadAction\",\"target\":[\"https:\\\/\\\/happybite-berlin.de\\\/leistungen\\\/zahnersatz\\\/\"]}]},{\"@type\":\"ImageObject\",\"inLanguage\":\"en-GB\",\"@id\":\"https:\\\/\\\/happybite-berlin.de\\\/leistungen\\\/zahnersatz\\\/#primaryimage\",\"url\":\"https:\\\/\\\/happybite-berlin.de\\\/wp-content\\\/uploads\\\/2025\\\/12\\\/01_Happybite_Crown_Icon.webp\",\"contentUrl\":\"https:\\\/\\\/happybite-berlin.de\\\/wp-content\\\/uploads\\\/2025\\\/12\\\/01_Happybite_Crown_Icon.webp\"},{\"@type\":\"BreadcrumbList\",\"@id\":\"https:\\\/\\\/happybite-berlin.de\\\/leistungen\\\/zahnersatz\\\/#breadcrumb\",\"itemListElement\":[{\"@type\":\"ListItem\",\"position\":1,\"name\":\"Startseite\",\"item\":\"https:\\\/\\\/happybite-berlin.de\\\/\"},{\"@type\":\"ListItem\",\"position\":2,\"name\":\"Leistungen\",\"item\":\"https:\\\/\\\/happybite-berlin.de\\\/leistungen\\\/\"},{\"@type\":\"ListItem\",\"position\":3,\"name\":\"Zahnersatz\"}]},{\"@type\":\"WebSite\",\"@id\":\"https:\\\/\\\/happybite-berlin.de\\\/#website\",\"url\":\"https:\\\/\\\/happybite-berlin.de\\\/\",\"name\":\"happybite - love your smile\",\"description\":\"\",\"publisher\":{\"@id\":\"https:\\\/\\\/happybite-berlin.de\\\/#organization\"},\"potentialAction\":[{\"@type\":\"SearchAction\",\"target\":{\"@type\":\"EntryPoint\",\"urlTemplate\":\"https:\\\/\\\/happybite-berlin.de\\\/?s={search_term_string}\"},\"query-input\":{\"@type\":\"PropertyValueSpecification\",\"valueRequired\":true,\"valueName\":\"search_term_string\"}}],\"inLanguage\":\"en-GB\"},{\"@type\":\"Organization\",\"@id\":\"https:\\\/\\\/happybite-berlin.de\\\/#organization\",\"name\":\"happybite - love your smile\",\"url\":\"https:\\\/\\\/happybite-berlin.de\\\/\",\"logo\":{\"@type\":\"ImageObject\",\"inLanguage\":\"en-GB\",\"@id\":\"https:\\\/\\\/happybite-berlin.de\\\/#\\\/schema\\\/logo\\\/image\\\/\",\"url\":\"https:\\\/\\\/happybite-berlin.de\\\/wp-content\\\/uploads\\\/2025\\\/12\\\/favicon-happybite.png\",\"contentUrl\":\"https:\\\/\\\/happybite-berlin.de\\\/wp-content\\\/uploads\\\/2025\\\/12\\\/favicon-happybite.png\",\"width\":100,\"height\":100,\"caption\":\"happybite - love your smile\"},\"image\":{\"@id\":\"https:\\\/\\\/happybite-berlin.de\\\/#\\\/schema\\\/logo\\\/image\\\/\"}}]}<\/script>\n<!-- \/ Yoast SEO plugin. -->","yoast_head_json":{"title":"Zahnersatz in Berlin-Moabit nahe Hauptbahnhof | happybite","description":"Zahnersatz in Berlin-Moabit nahe Hauptbahnhof: Kronen, Br\u00fccken und Inlays \u2013 pr\u00e4zise geplant, hochwertig gefertigt und transparent beraten bei happybite.","robots":{"index":"index","follow":"follow","max-snippet":"max-snippet:-1","max-image-preview":"max-image-preview:large","max-video-preview":"max-video-preview:-1"},"canonical":"https:\/\/happybite-berlin.de\/en\/leistungen\/zahnersatz\/","og_locale":"en_GB","og_type":"article","og_title":"Zahnersatz in Berlin-Moabit nahe Hauptbahnhof | happybite","og_description":"Zahnersatz in Berlin-Moabit nahe Hauptbahnhof: Kronen, Br\u00fccken und Inlays \u2013 pr\u00e4zise geplant, hochwertig gefertigt und transparent beraten bei happybite.","og_url":"https:\/\/happybite-berlin.de\/en\/leistungen\/zahnersatz\/","og_site_name":"happybite Berlin","article_modified_time":"2026-03-09T14:33:47+00:00","og_image":[{"width":750,"height":750,"url":"https:\/\/happybite-berlin.de\/wp-content\/uploads\/2025\/12\/01_Happybite_Crown_Icon.webp","type":"image\/webp"}],"twitter_card":"summary_large_image","twitter_misc":{"Estimated reading time":"4 minutes"},"schema":{"@context":"https:\/\/schema.org","@graph":[{"@type":"WebPage","@id":"https:\/\/happybite-berlin.de\/leistungen\/zahnersatz\/","url":"https:\/\/happybite-berlin.de\/leistungen\/zahnersatz\/","name":"Zahnersatz in Berlin-Moabit nahe Hauptbahnhof | happybite","isPartOf":{"@id":"https:\/\/happybite-berlin.de\/#website"},"primaryImageOfPage":{"@id":"https:\/\/happybite-berlin.de\/leistungen\/zahnersatz\/#primaryimage"},"image":{"@id":"https:\/\/happybite-berlin.de\/leistungen\/zahnersatz\/#primaryimage"},"thumbnailUrl":"https:\/\/happybite-berlin.de\/wp-content\/uploads\/2025\/12\/01_Happybite_Crown_Icon.webp","datePublished":"2025-12-07T15:45:01+00:00","dateModified":"2026-03-09T14:33:47+00:00","description":"Zahnersatz in Berlin-Moabit nahe Hauptbahnhof: Kronen, Br\u00fccken und Inlays \u2013 pr\u00e4zise geplant, hochwertig gefertigt und transparent beraten bei happybite.","breadcrumb":{"@id":"https:\/\/happybite-berlin.de\/leistungen\/zahnersatz\/#breadcrumb"},"inLanguage":"en-GB","potentialAction":[{"@type":"ReadAction","target":["https:\/\/happybite-berlin.de\/leistungen\/zahnersatz\/"]}]},{"@type":"ImageObject","inLanguage":"en-GB","@id":"https:\/\/happybite-berlin.de\/leistungen\/zahnersatz\/#primaryimage","url":"https:\/\/happybite-berlin.de\/wp-content\/uploads\/2025\/12\/01_Happybite_Crown_Icon.webp","contentUrl":"https:\/\/happybite-berlin.de\/wp-content\/uploads\/2025\/12\/01_Happybite_Crown_Icon.webp"},{"@type":"BreadcrumbList","@id":"https:\/\/happybite-berlin.de\/leistungen\/zahnersatz\/#breadcrumb","itemListElement":[{"@type":"ListItem","position":1,"name":"Startseite","item":"https:\/\/happybite-berlin.de\/"},{"@type":"ListItem","position":2,"name":"Leistungen","item":"https:\/\/happybite-berlin.de\/leistungen\/"},{"@type":"ListItem","position":3,"name":"Zahnersatz"}]},{"@type":"WebSite","@id":"https:\/\/happybite-berlin.de\/#website","url":"https:\/\/happybite-berlin.de\/","name":"happybite - love your smile","description":"","publisher":{"@id":"https:\/\/happybite-berlin.de\/#organization"},"potentialAction":[{"@type":"SearchAction","target":{"@type":"EntryPoint","urlTemplate":"https:\/\/happybite-berlin.de\/?s={search_term_string}"},"query-input":{"@type":"PropertyValueSpecification","valueRequired":true,"valueName":"search_term_string"}}],"inLanguage":"en-GB"},{"@type":"Organization","@id":"https:\/\/happybite-berlin.de\/#organization","name":"happybite - love your smile","url":"https:\/\/happybite-berlin.de\/","logo":{"@type":"ImageObject","inLanguage":"en-GB","@id":"https:\/\/happybite-berlin.de\/#\/schema\/logo\/image\/","url":"https:\/\/happybite-berlin.de\/wp-content\/uploads\/2025\/12\/favicon-happybite.png","contentUrl":"https:\/\/happybite-berlin.de\/wp-content\/uploads\/2025\/12\/favicon-happybite.png","width":100,"height":100,"caption":"happybite - love your smile"},"image":{"@id":"https:\/\/happybite-berlin.de\/#\/schema\/logo\/image\/"}}]}},"_links":{"self":[{"href":"https:\/\/happybite-berlin.de\/en\/wp-json\/wp\/v2\/pages\/338","targetHints":{"allow":["GET"]}}],"collection":[{"href":"https:\/\/happybite-berlin.de\/en\/wp-json\/wp\/v2\/pages"}],"about":[{"href":"https:\/\/happybite-berlin.de\/en\/wp-json\/wp\/v2\/types\/page"}],"author":[{"embeddable":true,"href":"https:\/\/happybite-berlin.de\/en\/wp-json\/wp\/v2\/users\/1"}],"replies":[{"embeddable":true,"href":"https:\/\/happybite-berlin.de\/en\/wp-json\/wp\/v2\/comments?post=338"}],"version-history":[{"count":10,"href":"https:\/\/happybite-berlin.de\/en\/wp-json\/wp\/v2\/pages\/338\/revisions"}],"predecessor-version":[{"id":1518,"href":"https:\/\/happybite-berlin.de\/en\/wp-json\/wp\/v2\/pages\/338\/revisions\/1518"}],"up":[{"embeddable":true,"href":"https:\/\/happybite-berlin.de\/en\/wp-json\/wp\/v2\/pages\/18"}],"wp:attachment":[{"href":"https:\/\/happybite-berlin.de\/en\/wp-json\/wp\/v2\/media?parent=338"}],"curies":[{"name":"wp","href":"https:\/\/api.w.org\/{rel}","templated":true}]}}