{"id":343,"date":"2025-12-07T16:46:53","date_gmt":"2025-12-07T15:46:53","guid":{"rendered":"https:\/\/happybite-berlin.de\/?page_id=343"},"modified":"2026-02-12T19:34:16","modified_gmt":"2026-02-12T18:34:16","slug":"veneers","status":"publish","type":"page","link":"https:\/\/happybite-berlin.de\/en\/leistungen\/veneers\/","title":{"rendered":"Veneers"},"content":{"rendered":"<div data-elementor-type=\"wp-page\" data-elementor-id=\"343\" class=\"elementor elementor-343\" data-elementor-post-type=\"page\">\n\t\t\t\t<div class=\"elementor-element elementor-element-ab2612c e-flex e-con-boxed e-con e-parent\" data-id=\"ab2612c\" data-element_type=\"container\" data-e-type=\"container\">\n\t\t\t\t\t<div class=\"e-con-inner\">\n\t\t<div class=\"elementor-element elementor-element-46bd68a e-con-full e-flex e-con e-child\" data-id=\"46bd68a\" data-element_type=\"container\" data-e-type=\"container\">\n\t\t<div class=\"elementor-element elementor-element-af535c0 e-con-full e-flex e-con e-child\" data-id=\"af535c0\" data-element_type=\"container\" data-e-type=\"container\">\n\t\t\t\t<div class=\"elementor-element elementor-element-b71246d elementor-widget elementor-widget-heading\" data-id=\"b71246d\" data-element_type=\"widget\" data-e-type=\"widget\" data-widget_type=\"heading.default\">\n\t\t\t\t\t<h1 class=\"elementor-heading-title elementor-size-default\">Porcelain veneers<\/h1>\t\t\t\t<\/div>\n\t\t\t\t<div class=\"elementor-element elementor-element-1647a99 elementor-widget elementor-widget-heading\" data-id=\"1647a99\" data-element_type=\"widget\" data-e-type=\"widget\" data-widget_type=\"heading.default\">\n\t\t\t\t\t<h2 class=\"elementor-heading-title elementor-size-default\">A natural-looking smile, tailored to you<\/h2>\t\t\t\t<\/div>\n\t\t\t\t<\/div>\n\t\t<div class=\"elementor-element elementor-element-cc7fc94 e-con-full e-flex e-con e-child\" data-id=\"cc7fc94\" data-element_type=\"container\" data-e-type=\"container\">\n\t\t\t\t<div class=\"elementor-element elementor-element-65f85fd elementor-widget elementor-widget-image\" data-id=\"65f85fd\" data-element_type=\"widget\" data-e-type=\"widget\" data-widget_type=\"image.default\">\n\t\t\t\t\t\t\t\t\t\t\t\t\t\t\t<img fetchpriority=\"high\" decoding=\"async\" width=\"750\" height=\"750\" src=\"https:\/\/happybite-berlin.de\/wp-content\/uploads\/2025\/12\/01_Happybite_Veneers_Icon.webp\" class=\"attachment-large size-large wp-image-278\" alt=\"Veneers\" srcset=\"https:\/\/happybite-berlin.de\/wp-content\/uploads\/2025\/12\/01_Happybite_Veneers_Icon.webp 750w, https:\/\/happybite-berlin.de\/wp-content\/uploads\/2025\/12\/01_Happybite_Veneers_Icon-300x300.webp 300w, https:\/\/happybite-berlin.de\/wp-content\/uploads\/2025\/12\/01_Happybite_Veneers_Icon-150x150.webp 150w\" sizes=\"(max-width: 750px) 100vw, 750px\" \/>\t\t\t\t\t\t\t\t\t\t\t\t\t\t\t<\/div>\n\t\t\t\t<\/div>\n\t\t\t\t<\/div>\n\t\t<div class=\"elementor-element elementor-element-ffb7865 e-con-full e-flex e-con e-child\" data-id=\"ffb7865\" data-element_type=\"container\" data-e-type=\"container\" data-settings=\"{&quot;background_background&quot;:&quot;classic&quot;}\">\n\t\t\t\t<div class=\"elementor-element elementor-element-48d7e0b elementor-widget elementor-widget-text-editor\" data-id=\"48d7e0b\" data-element_type=\"widget\" data-e-type=\"widget\" data-widget_type=\"text-editor.default\">\n\t\t\t\t\t\t\t\t\t<p class=\"\">A bright, flawless smile can boost confidence and leave a lasting positive impression\u2014at work, in social situations, and in everyday life. But not everyone is born with \u201cperfect\u201d teeth. Small imperfections such as discolouration, gaps, chipped edges, or slightly misaligned teeth can affect how your smile looks and how you feel about it. That\u2019s where veneers come in: a modern, aesthetic, minimally invasive way to enhance your smile beautifully and naturally.<\/p>\n<p><b>What are veneers?<\/b><\/p>\n<p class=\"\">Veneers are ultra-thin shells - usually made from high-quality ceramic (porcelain) or, in some cases <a href=\"https:\/\/happybite-berlin.de\/en\/leistungen\/composite-bonding\/\">composite<\/a>, that are bonded to the front surface of the visible teeth. Each veneer is made individually, so the colour, shape, and translucency can be matched carefully to your natural teeth. The result looks very natural and blends seamlessly with your smile.<\/p>\n<p><b>Which cosmetic concerns can veneers help improve?<\/b><\/p>\n<p class=\"\">Veneers can be a great option for improving things like:<\/p>\n<ul>\n<li>\n<p class=\"\">Tooth discolouration that doesn\u2019t improve with whitening<\/p>\n<\/li>\n<li>\n<p class=\"\">Chipped or worn tooth edges<\/p>\n<\/li>\n<li>\n<p class=\"\">Mild misalignment<\/p>\n<\/li>\n<li>\n<p class=\"\">Unevenly shaped or differently sized teeth<\/p>\n<\/li>\n<li>\n<p class=\"\">Small gaps between teeth, including a diastema (gap between the front teeth)<\/p>\n<\/li>\n<\/ul>\n<p><b>Benefits of veneers at a glance<\/b><\/p>\n<ul>\n<li>\n<p class=\"\">Natural-looking aesthetics: Modern materials allow veneers to look and feel like natural teeth. They\u2019re carefully matched to the colour and texture of the surrounding teeth so they blend in beautifully.<\/p>\n<\/li>\n<li>\n<p class=\"\">Gentle, tooth-preserving treatment: Usually only a small amount of enamel needs to be reshaped\u2014much less than with a crown.<\/p>\n<\/li>\n<li>\n<p class=\"\">Long-lasting results: With good care, high-quality porcelain veneers can last for many years.<\/p>\n<\/li>\n<li>\n<p class=\"\">Secure and stable: Veneers are bonded firmly to the tooth with a specialised adhesive, so they feel secure when you eat, speak, and smile.<\/p>\n<\/li>\n<li>\n<p class=\"\">Fast results: In many cases, you can achieve your desired smile in just a few appointments.<\/p>\n<\/li>\n<\/ul>\n<p><b>What happens during veneer treatment<\/b><\/p>\n<ol>\n<li>\n<p class=\"\">Consultation and planning:<br>We begin with a detailed consultation to understand what you\u2019d like to change and what kind of result you\u2019re hoping for. Using photos, digital scans, and (if helpful) a smile preview, we can often show you what the final outcome may look like before we start.<\/p>\n<\/li>\n<li>\n<p class=\"\">Preparing the teeth:<br>To ensure a precise fit, we gently reshape a very thin layer of enamel (usually around 0.3\u20130.5 mm). This is done under local anaesthetic to keep you comfortable.<\/p>\n<\/li>\n<li>\n<p class=\"translation-block\">Impression or <a href=\"https:\/\/happybite-berlin.de\/en\/leistungen\/intraoralscanner\/\" target=\"_self\">digital scan<\/a>:<br>Next, we take a precise digital scan (or, if needed, a traditional impression). Based on this, the dental laboratory creates your veneers individually for a perfect fit and natural look.<\/p>\n<\/li>\n<li>\n<p class=\"translation-block\">Try-in and bonding:<br>Once your veneers are ready, we first place them to check the fit, colour, and overall look, and make any small adjustments if needed. When everything feels and looks right, we bond them securely in place using a high-strength dental adhesive.<\/p>\n<\/li>\n<li>\n<p class=\"\">Aftercare:<br>A final polish \u2014 along with regular routine check-ups \u2014 helps keep the result looking and feeling great for the long term.<\/p>\n<\/li>\n<\/ol>\n<p><b>Caring for veneers and how long they last<\/b><\/p>\n<p class=\"\">With good care, veneers can last for many years. A few things to keep in mind:<\/p>\n<ul>\n<li>\n<p class=\"\">Good daily oral hygiene: Brush twice a day with a fluoride toothpaste and clean between your teeth with dental floss or interdental brushes.<\/p>\n<\/li>\n<li>\n<p class=\"\">Professional teeth cleanings: Regular hygiene appointments help keep your gums healthy and protect the natural tooth structure beneath the veneers.<\/p>\n<\/li>\n<li>\n<p class=\"\">Avoid excessive strain: Try not to bite on very hard foods, and avoid habits like chewing pens. If you grind your teeth, it\u2019s important to address this\u2014often with a night guard.<\/p>\n<\/li>\n<li>\n<p class=\"\">Be mindful of heavy staining: Coffee, tea, red wine, and nicotine can, over time, stain the edges where the veneer meets the natural tooth.<\/p>\n<\/li>\n<\/ul>\n<p><b>Conclusion<\/b><\/p>\n<p class=\"\">Veneers can be a beautiful, long-lasting way to improve the look of your teeth\u2014often with only minimal reshaping. They\u2019re a great option if you want a naturally attractive smile without lengthy treatment or more invasive procedures. Whether you\u2019re looking to correct a small detail or make a bigger cosmetic change, veneers can offer a very effective solution. If you\u2019re curious whether they\u2019re right for you, speak to our dentists\u2014we\u2019ll advise you personally and help you find the approach that suits your smile. After all, feeling confident when you smile is one of the best things you can wear.<\/p>\t\t\t\t\t\t\t\t<\/div>\n\t\t\t\t<div class=\"elementor-element elementor-element-6e305e8 elementor-align-center elementor-widget elementor-widget-button\" data-id=\"6e305e8\" data-element_type=\"widget\" data-e-type=\"widget\" data-widget_type=\"button.default\">\n\t\t\t\t\t\t\t\t\t\t<a class=\"elementor-button elementor-button-link elementor-size-sm\" href=\"https:\/\/www.doctolib.de\/zmvz-zahnmedizinisches-versorgungszentrum\/berlin\/where-the-dentists-are\/booking\/practitioners?specialityId=1285&#038;telehealth=false&#038;placeId=practice-328076&#038;motiveIds%5B%5D=6586141&#038;source=deep_link\" target=\"_blank\">\n\t\t\t\t\t\t<span class=\"elementor-button-content-wrapper\">\n\t\t\t\t\t\t\t\t\t<span class=\"elementor-button-text\">Book appointment now<\/span>\n\t\t\t\t\t<\/span>\n\t\t\t\t\t<\/a>\n\t\t\t\t\t\t\t\t<\/div>\n\t\t\t\t<\/div>\n\t\t\t\t\t<\/div>\n\t\t\t\t<\/div>\n\t\t\t\t<\/div>","protected":false},"excerpt":{"rendered":"<p>Keramik-Veneers Perfekte \u00c4sthetik f\u00fcr Ihr L\u00e4cheln Ein strahlendes und makelloses L\u00e4cheln verleiht nicht nur Selbstbewusstsein, sondern hinterl\u00e4sst auch einen bleibenden, [&hellip;]<\/p>\n","protected":false},"author":1,"featured_media":0,"parent":18,"menu_order":0,"comment_status":"closed","ping_status":"closed","template":"elementor_header_footer","meta":{"site-sidebar-layout":"no-sidebar","site-content-layout":"","ast-site-content-layout":"full-width-container","site-content-style":"default","site-sidebar-style":"default","ast-global-header-display":"","ast-banner-title-visibility":"","ast-main-header-display":"","ast-hfb-above-header-display":"","ast-hfb-below-header-display":"","ast-hfb-mobile-header-display":"","site-post-title":"","ast-breadcrumbs-content":"","ast-featured-img":"disabled","footer-sml-layout":"","ast-disable-related-posts":"","theme-transparent-header-meta":"","adv-header-id-meta":"","stick-header-meta":"","header-above-stick-meta":"","header-main-stick-meta":"","header-below-stick-meta":"","astra-migrate-meta-layouts":"default","ast-page-background-enabled":"default","ast-page-background-meta":{"desktop":{"background-color":"var(--ast-global-color-5)","background-image":"","background-repeat":"repeat","background-position":"center center","background-size":"auto","background-attachment":"scroll","background-type":"","background-media":"","overlay-type":"","overlay-color":"","overlay-opacity":"","overlay-gradient":""},"tablet":{"background-color":"","background-image":"","background-repeat":"repeat","background-position":"center center","background-size":"auto","background-attachment":"scroll","background-type":"","background-media":"","overlay-type":"","overlay-color":"","overlay-opacity":"","overlay-gradient":""},"mobile":{"background-color":"","background-image":"","background-repeat":"repeat","background-position":"center center","background-size":"auto","background-attachment":"scroll","background-type":"","background-media":"","overlay-type":"","overlay-color":"","overlay-opacity":"","overlay-gradient":""}},"ast-content-background-meta":{"desktop":{"background-color":"var(--ast-global-color-4)","background-image":"","background-repeat":"repeat","background-position":"center center","background-size":"auto","background-attachment":"scroll","background-type":"","background-media":"","overlay-type":"","overlay-color":"","overlay-opacity":"","overlay-gradient":""},"tablet":{"background-color":"var(--ast-global-color-4)","background-image":"","background-repeat":"repeat","background-position":"center center","background-size":"auto","background-attachment":"scroll","background-type":"","background-media":"","overlay-type":"","overlay-color":"","overlay-opacity":"","overlay-gradient":""},"mobile":{"background-color":"var(--ast-global-color-4)","background-image":"","background-repeat":"repeat","background-position":"center center","background-size":"auto","background-attachment":"scroll","background-type":"","background-media":"","overlay-type":"","overlay-color":"","overlay-opacity":"","overlay-gradient":""}},"footnotes":""},"class_list":["post-343","page","type-page","status-publish","hentry"],"yoast_head":"<!-- This site is optimized with the Yoast SEO plugin v27.5 - https:\/\/yoast.com\/product\/yoast-seo-wordpress\/ -->\n<title>Veneers in Berlin-Moabit | \u00c4sthetische Zahnmedizin | happybite<\/title>\n<meta name=\"description\" content=\"Veneers in Berlin-Moabit nahe Hauptbahnhof: d\u00fcnne Keramikschalen f\u00fcr ein harmonisches L\u00e4cheln \u2013 pr\u00e4zise geplant und nat\u00fcrliche Optik. Jetzt bei happybite.\" \/>\n<meta name=\"robots\" content=\"index, follow, max-snippet:-1, max-image-preview:large, max-video-preview:-1\" \/>\n<link rel=\"canonical\" href=\"https:\/\/happybite-berlin.de\/en\/leistungen\/veneers\/\" \/>\n<meta property=\"og:locale\" content=\"en_GB\" \/>\n<meta property=\"og:type\" content=\"article\" \/>\n<meta property=\"og:title\" content=\"Veneers in Berlin-Moabit | \u00c4sthetische Zahnmedizin | happybite\" \/>\n<meta property=\"og:description\" content=\"Veneers in Berlin-Moabit nahe Hauptbahnhof: d\u00fcnne Keramikschalen f\u00fcr ein harmonisches L\u00e4cheln \u2013 pr\u00e4zise geplant und nat\u00fcrliche Optik. Jetzt bei happybite.\" \/>\n<meta property=\"og:url\" content=\"https:\/\/happybite-berlin.de\/en\/leistungen\/veneers\/\" \/>\n<meta property=\"og:site_name\" content=\"happybite Berlin\" \/>\n<meta property=\"article:modified_time\" content=\"2026-02-12T18:34:16+00:00\" \/>\n<meta property=\"og:image\" content=\"https:\/\/happybite-berlin.de\/wp-content\/uploads\/2025\/12\/01_Happybite_Veneers_Icon.webp\" \/>\n\t<meta property=\"og:image:width\" content=\"750\" \/>\n\t<meta property=\"og:image:height\" content=\"750\" \/>\n\t<meta property=\"og:image:type\" content=\"image\/webp\" \/>\n<meta name=\"twitter:card\" content=\"summary_large_image\" \/>\n<script type=\"application\/ld+json\" class=\"yoast-schema-graph\">{\"@context\":\"https:\\\/\\\/schema.org\",\"@graph\":[{\"@type\":\"WebPage\",\"@id\":\"https:\\\/\\\/happybite-berlin.de\\\/leistungen\\\/veneers\\\/\",\"url\":\"https:\\\/\\\/happybite-berlin.de\\\/leistungen\\\/veneers\\\/\",\"name\":\"Veneers in Berlin-Moabit | \u00c4sthetische Zahnmedizin | happybite\",\"isPartOf\":{\"@id\":\"https:\\\/\\\/happybite-berlin.de\\\/#website\"},\"primaryImageOfPage\":{\"@id\":\"https:\\\/\\\/happybite-berlin.de\\\/leistungen\\\/veneers\\\/#primaryimage\"},\"image\":{\"@id\":\"https:\\\/\\\/happybite-berlin.de\\\/leistungen\\\/veneers\\\/#primaryimage\"},\"thumbnailUrl\":\"https:\\\/\\\/happybite-berlin.de\\\/wp-content\\\/uploads\\\/2025\\\/12\\\/01_Happybite_Veneers_Icon.webp\",\"datePublished\":\"2025-12-07T15:46:53+00:00\",\"dateModified\":\"2026-02-12T18:34:16+00:00\",\"description\":\"Veneers in Berlin-Moabit nahe Hauptbahnhof: d\u00fcnne Keramikschalen f\u00fcr ein harmonisches L\u00e4cheln \u2013 pr\u00e4zise geplant und nat\u00fcrliche Optik. Jetzt bei happybite.\",\"breadcrumb\":{\"@id\":\"https:\\\/\\\/happybite-berlin.de\\\/leistungen\\\/veneers\\\/#breadcrumb\"},\"inLanguage\":\"en-GB\",\"potentialAction\":[{\"@type\":\"ReadAction\",\"target\":[\"https:\\\/\\\/happybite-berlin.de\\\/leistungen\\\/veneers\\\/\"]}]},{\"@type\":\"ImageObject\",\"inLanguage\":\"en-GB\",\"@id\":\"https:\\\/\\\/happybite-berlin.de\\\/leistungen\\\/veneers\\\/#primaryimage\",\"url\":\"https:\\\/\\\/happybite-berlin.de\\\/wp-content\\\/uploads\\\/2025\\\/12\\\/01_Happybite_Veneers_Icon.webp\",\"contentUrl\":\"https:\\\/\\\/happybite-berlin.de\\\/wp-content\\\/uploads\\\/2025\\\/12\\\/01_Happybite_Veneers_Icon.webp\"},{\"@type\":\"BreadcrumbList\",\"@id\":\"https:\\\/\\\/happybite-berlin.de\\\/leistungen\\\/veneers\\\/#breadcrumb\",\"itemListElement\":[{\"@type\":\"ListItem\",\"position\":1,\"name\":\"Startseite\",\"item\":\"https:\\\/\\\/happybite-berlin.de\\\/\"},{\"@type\":\"ListItem\",\"position\":2,\"name\":\"Leistungen\",\"item\":\"https:\\\/\\\/happybite-berlin.de\\\/leistungen\\\/\"},{\"@type\":\"ListItem\",\"position\":3,\"name\":\"Veneers\"}]},{\"@type\":\"WebSite\",\"@id\":\"https:\\\/\\\/happybite-berlin.de\\\/#website\",\"url\":\"https:\\\/\\\/happybite-berlin.de\\\/\",\"name\":\"happybite - love your smile\",\"description\":\"\",\"publisher\":{\"@id\":\"https:\\\/\\\/happybite-berlin.de\\\/#organization\"},\"potentialAction\":[{\"@type\":\"SearchAction\",\"target\":{\"@type\":\"EntryPoint\",\"urlTemplate\":\"https:\\\/\\\/happybite-berlin.de\\\/?s={search_term_string}\"},\"query-input\":{\"@type\":\"PropertyValueSpecification\",\"valueRequired\":true,\"valueName\":\"search_term_string\"}}],\"inLanguage\":\"en-GB\"},{\"@type\":\"Organization\",\"@id\":\"https:\\\/\\\/happybite-berlin.de\\\/#organization\",\"name\":\"happybite - love your smile\",\"url\":\"https:\\\/\\\/happybite-berlin.de\\\/\",\"logo\":{\"@type\":\"ImageObject\",\"inLanguage\":\"en-GB\",\"@id\":\"https:\\\/\\\/happybite-berlin.de\\\/#\\\/schema\\\/logo\\\/image\\\/\",\"url\":\"https:\\\/\\\/happybite-berlin.de\\\/wp-content\\\/uploads\\\/2025\\\/12\\\/favicon-happybite.png\",\"contentUrl\":\"https:\\\/\\\/happybite-berlin.de\\\/wp-content\\\/uploads\\\/2025\\\/12\\\/favicon-happybite.png\",\"width\":100,\"height\":100,\"caption\":\"happybite - love your smile\"},\"image\":{\"@id\":\"https:\\\/\\\/happybite-berlin.de\\\/#\\\/schema\\\/logo\\\/image\\\/\"}}]}<\/script>\n<!-- \/ Yoast SEO plugin. -->","yoast_head_json":{"title":"Veneers in Berlin-Moabit | \u00c4sthetische Zahnmedizin | happybite","description":"Veneers in Berlin-Moabit nahe Hauptbahnhof: d\u00fcnne Keramikschalen f\u00fcr ein harmonisches L\u00e4cheln \u2013 pr\u00e4zise geplant und nat\u00fcrliche Optik. Jetzt bei happybite.","robots":{"index":"index","follow":"follow","max-snippet":"max-snippet:-1","max-image-preview":"max-image-preview:large","max-video-preview":"max-video-preview:-1"},"canonical":"https:\/\/happybite-berlin.de\/en\/leistungen\/veneers\/","og_locale":"en_GB","og_type":"article","og_title":"Veneers in Berlin-Moabit | \u00c4sthetische Zahnmedizin | happybite","og_description":"Veneers in Berlin-Moabit nahe Hauptbahnhof: d\u00fcnne Keramikschalen f\u00fcr ein harmonisches L\u00e4cheln \u2013 pr\u00e4zise geplant und nat\u00fcrliche Optik. Jetzt bei happybite.","og_url":"https:\/\/happybite-berlin.de\/en\/leistungen\/veneers\/","og_site_name":"happybite Berlin","article_modified_time":"2026-02-12T18:34:16+00:00","og_image":[{"width":750,"height":750,"url":"https:\/\/happybite-berlin.de\/wp-content\/uploads\/2025\/12\/01_Happybite_Veneers_Icon.webp","type":"image\/webp"}],"twitter_card":"summary_large_image","schema":{"@context":"https:\/\/schema.org","@graph":[{"@type":"WebPage","@id":"https:\/\/happybite-berlin.de\/leistungen\/veneers\/","url":"https:\/\/happybite-berlin.de\/leistungen\/veneers\/","name":"Veneers in Berlin-Moabit | \u00c4sthetische Zahnmedizin | happybite","isPartOf":{"@id":"https:\/\/happybite-berlin.de\/#website"},"primaryImageOfPage":{"@id":"https:\/\/happybite-berlin.de\/leistungen\/veneers\/#primaryimage"},"image":{"@id":"https:\/\/happybite-berlin.de\/leistungen\/veneers\/#primaryimage"},"thumbnailUrl":"https:\/\/happybite-berlin.de\/wp-content\/uploads\/2025\/12\/01_Happybite_Veneers_Icon.webp","datePublished":"2025-12-07T15:46:53+00:00","dateModified":"2026-02-12T18:34:16+00:00","description":"Veneers in Berlin-Moabit nahe Hauptbahnhof: d\u00fcnne Keramikschalen f\u00fcr ein harmonisches L\u00e4cheln \u2013 pr\u00e4zise geplant und nat\u00fcrliche Optik. Jetzt bei happybite.","breadcrumb":{"@id":"https:\/\/happybite-berlin.de\/leistungen\/veneers\/#breadcrumb"},"inLanguage":"en-GB","potentialAction":[{"@type":"ReadAction","target":["https:\/\/happybite-berlin.de\/leistungen\/veneers\/"]}]},{"@type":"ImageObject","inLanguage":"en-GB","@id":"https:\/\/happybite-berlin.de\/leistungen\/veneers\/#primaryimage","url":"https:\/\/happybite-berlin.de\/wp-content\/uploads\/2025\/12\/01_Happybite_Veneers_Icon.webp","contentUrl":"https:\/\/happybite-berlin.de\/wp-content\/uploads\/2025\/12\/01_Happybite_Veneers_Icon.webp"},{"@type":"BreadcrumbList","@id":"https:\/\/happybite-berlin.de\/leistungen\/veneers\/#breadcrumb","itemListElement":[{"@type":"ListItem","position":1,"name":"Startseite","item":"https:\/\/happybite-berlin.de\/"},{"@type":"ListItem","position":2,"name":"Leistungen","item":"https:\/\/happybite-berlin.de\/leistungen\/"},{"@type":"ListItem","position":3,"name":"Veneers"}]},{"@type":"WebSite","@id":"https:\/\/happybite-berlin.de\/#website","url":"https:\/\/happybite-berlin.de\/","name":"happybite - love your smile","description":"","publisher":{"@id":"https:\/\/happybite-berlin.de\/#organization"},"potentialAction":[{"@type":"SearchAction","target":{"@type":"EntryPoint","urlTemplate":"https:\/\/happybite-berlin.de\/?s={search_term_string}"},"query-input":{"@type":"PropertyValueSpecification","valueRequired":true,"valueName":"search_term_string"}}],"inLanguage":"en-GB"},{"@type":"Organization","@id":"https:\/\/happybite-berlin.de\/#organization","name":"happybite - love your smile","url":"https:\/\/happybite-berlin.de\/","logo":{"@type":"ImageObject","inLanguage":"en-GB","@id":"https:\/\/happybite-berlin.de\/#\/schema\/logo\/image\/","url":"https:\/\/happybite-berlin.de\/wp-content\/uploads\/2025\/12\/favicon-happybite.png","contentUrl":"https:\/\/happybite-berlin.de\/wp-content\/uploads\/2025\/12\/favicon-happybite.png","width":100,"height":100,"caption":"happybite - love your smile"},"image":{"@id":"https:\/\/happybite-berlin.de\/#\/schema\/logo\/image\/"}}]}},"_links":{"self":[{"href":"https:\/\/happybite-berlin.de\/en\/wp-json\/wp\/v2\/pages\/343","targetHints":{"allow":["GET"]}}],"collection":[{"href":"https:\/\/happybite-berlin.de\/en\/wp-json\/wp\/v2\/pages"}],"about":[{"href":"https:\/\/happybite-berlin.de\/en\/wp-json\/wp\/v2\/types\/page"}],"author":[{"embeddable":true,"href":"https:\/\/happybite-berlin.de\/en\/wp-json\/wp\/v2\/users\/1"}],"replies":[{"embeddable":true,"href":"https:\/\/happybite-berlin.de\/en\/wp-json\/wp\/v2\/comments?post=343"}],"version-history":[{"count":10,"href":"https:\/\/happybite-berlin.de\/en\/wp-json\/wp\/v2\/pages\/343\/revisions"}],"predecessor-version":[{"id":1323,"href":"https:\/\/happybite-berlin.de\/en\/wp-json\/wp\/v2\/pages\/343\/revisions\/1323"}],"up":[{"embeddable":true,"href":"https:\/\/happybite-berlin.de\/en\/wp-json\/wp\/v2\/pages\/18"}],"wp:attachment":[{"href":"https:\/\/happybite-berlin.de\/en\/wp-json\/wp\/v2\/media?parent=343"}],"curies":[{"name":"wp","href":"https:\/\/api.w.org\/{rel}","templated":true}]}}